{"id":1853,"date":"2025-03-21T14:08:53","date_gmt":"2025-03-21T14:08:53","guid":{"rendered":"https:\/\/chris-medical-services.ch\/datenschutzrichtlinie\/"},"modified":"2025-10-29T19:20:32","modified_gmt":"2025-10-29T19:20:32","slug":"datenschutzrichtlinie","status":"publish","type":"page","link":"https:\/\/chris-medical-services.ch\/de\/datenschutzrichtlinie\/","title":{"rendered":"Datenschutzrichtlinie"},"content":{"rendered":"\n<p>Der Eigent\u00fcmer informiert Sie \u00fcber seine Datenschutzpolitik in Bezug auf die Verarbeitung und den Schutz der pers\u00f6nlichen Daten der Nutzer, die w\u00e4hrend der Navigation auf der Website gesammelt werden k\u00f6nnen: https: <a href=\"https:\/\/chris-medical-services.ch\/de\/\">\/\/chris-medical-services.ch<\/a>.<\/p>\n\n<p>In dieser Hinsicht h\u00e4lt sich der Rechtsinhaber an die Verordnung (EU) 2016\/679 des Europ\u00e4ischen Parlaments und des Rates vom 27. April 2016 zum Schutz nat\u00fcrlicher Personen (GDPR).<\/p>\n\n<p>Die Nutzung der Website bedeutet, dass Sie diese Datenschutzrichtlinie akzeptieren.<\/p>\n\n<h6 class=\"wp-block-heading\">Identit\u00e4t des Verantwortlichen<\/h6>\n\n<p><strong>Verantwortlich:<\/strong> Chris-Conseil SARL.<br\/><strong>Personalausweis:<\/strong> CHE-113.076.036<br\/><strong>FOSC Publ.<\/strong>  Nr. 1004825498 vom 07.02.2020<br\/>Tagesregister Nr. 2434 vom 04.02.2020 <br\/><strong>Adresse:<\/strong> Chemin du Rionzi 33. 1052 Le Mont-sur-Lausanne, Schweiz. <br\/><strong>E-Mail-Adresse:<\/strong> info@chris-medical-services.ch<br\/><strong>Website: https:<\/strong> \/\/chris-medical-services.ch<\/p>\n\n<h6 class=\"wp-block-heading\">Grunds\u00e4tze der Datenverarbeitung<\/h6>\n\n<p>Bei der Verarbeitung Ihrer personenbezogenen Daten wendet der f\u00fcr die Verarbeitung Verantwortliche die folgenden Grunds\u00e4tze an, die mit den Anforderungen der neuen Europ\u00e4ischen Datenschutzverordnung (DSGVO) \u00fcbereinstimmen:<\/p>\n\n<ul class=\"wp-block-list\">\n<li>Grundsatz der Rechtm\u00e4\u00dfigkeit, Fairness und Transparenz: Der f\u00fcr die Verarbeitung Verantwortliche wird stets die Zustimmung zur Verarbeitung personenbezogener Daten einholen, die f\u00fcr einen oder mehrere spezifische Zwecke erfolgen kann, \u00fcber die der f\u00fcr die Verarbeitung Verantwortliche den Nutzer vorab mit absoluter Transparenz informiert.<\/li>\n\n\n\n<li>Grundsatz der Datenminimierung : Der f\u00fcr die Verarbeitung Verantwortliche fordert nur die Daten an, die f\u00fcr den Zweck oder die Zwecke, f\u00fcr die sie angefordert werden, unbedingt erforderlich sind.<\/li>\n\n\n\n<li>Grundsatz der Begrenzung der Speicherdauer: Der f\u00fcr die Verarbeitung Verantwortliche speichert die gesammelten personenbezogenen Daten nur so lange, wie es f\u00fcr den Zweck oder die Zwecke der Verarbeitung unbedingt erforderlich ist. Der f\u00fcr die Datenverarbeitung Verantwortliche informiert den Nutzer \u00fcber die relevante Aufbewahrungsfrist in Bezug auf den Zweck. <br\/>Bei Abonnements \u00fcberpr\u00fcft der Datenkontrolleur regelm\u00e4\u00dfig die Listen und l\u00f6scht Datens\u00e4tze, die \u00fcber einen l\u00e4ngeren Zeitraum inaktiv waren.<\/li>\n\n\n\n<li>Grundsatz der Integrit\u00e4t und Vertraulichkeit: Die gesammelten pers\u00f6nlichen Daten werden so verarbeitet, dass ihre Sicherheit, Vertraulichkeit und Integrit\u00e4t gew\u00e4hrleistet ist.<br\/>Der Daten-Controller ergreift die notwendigen Vorsichtsma\u00dfnahmen, um den unbefugten Zugriff oder Missbrauch der Daten seiner Nutzer durch Dritte zu verhindern.<\/li>\n<\/ul>\n\n<h6 class=\"wp-block-heading\">Erhebung von pers\u00f6nlichen Daten<\/h6>\n\n<p>Um auf der Website zu navigieren, ist es nicht notwendig, pers\u00f6nliche Daten anzugeben.<\/p>\n\n<p>Die F\u00e4lle, in denen Sie Ihre pers\u00f6nlichen Daten zur Verf\u00fcgung stellen, sind die folgenden:<\/p>\n\n<ul class=\"wp-block-list\">\n<li>Bei der Kontaktaufnahme \u00fcber die Kontaktformulare oder beim Senden einer E-Mail.<\/li>\n\n\n\n<li>Wenn Sie einen Artikel oder eine Seite kommentieren.<\/li>\n<\/ul>\n\n<h6 class=\"wp-block-heading\">Rechte<\/h6>\n\n<p>Der Datenschutzbeauftragte teilt Ihnen mit, dass Sie das Recht haben, :<\/p>\n\n<ul class=\"wp-block-list\">\n<li>Zugriff auf gespeicherte Daten beantragen.<\/li>\n\n\n\n<li>Berichtigung oder L\u00f6schung beantragen.<\/li>\n\n\n\n<li>die Einschr\u00e4nkung ihrer Verarbeitung beantragen.<\/li>\n\n\n\n<li>Widerspruch gegen die Verarbeitung einlegen.<\/li>\n\n\n\n<li>Die \u00dcbertragbarkeit Ihrer Daten beantragen.<\/li>\n<\/ul>\n\n<p>Die Aus\u00fcbung dieser Rechte ist pers\u00f6nlich und muss daher direkt von der betroffenen Person ausge\u00fcbt werden, indem sie direkt bei dem f\u00fcr die Verarbeitung Verantwortlichen beantragt wird, was bedeutet, dass jeder Kunde, Abonnent oder Mitarbeiter, der seine Daten zu irgendeinem Zeitpunkt zur Verf\u00fcgung gestellt hat, sich an den f\u00fcr die Verarbeitung Verantwortlichen wenden und Informationen \u00fcber die gespeicherten Daten und wie sie erhalten wurden, die Berichtigung von Daten, die \u00dcbertragbarkeit seiner pers\u00f6nlichen Daten, den Widerspruch gegen die Verarbeitung, die Einschr\u00e4nkung ihrer Nutzung oder die L\u00f6schung der Daten in den Dateien des f\u00fcr die Verarbeitung Verantwortlichen beantragen kann.<\/p>\n\n<p>Um Ihre Rechte auszu\u00fcben, m\u00fcssen Sie Ihren Antrag zusammen mit einer Fotokopie Ihres nationalen Identit\u00e4tsdokuments oder eines gleichwertigen Dokuments an die folgende E-Mail-Adresse senden: <a href=\"mailto:info@chris-medical-services.ch\">info@chris-medical-services.ch<\/a>.<\/p>\n\n<p>Die Aus\u00fcbung dieser Rechte umfasst nicht die Daten, die der f\u00fcr die Verarbeitung Verantwortliche aus administrativen, gesetzlichen oder Sicherheitsgr\u00fcnden aufbewahren muss.<\/p>\n\n<p>Sie haben das Recht auf einen wirksamen Rechtsschutz und auf eine Beschwerde bei der Aufsichtsbeh\u00f6rde, in diesem Fall die spanische Datenschutzbeh\u00f6rde, wenn Sie der Ansicht sind, dass die Verarbeitung Ihrer personenbezogenen Daten gegen die Verordnung verst\u00f6\u00dft.<\/p>\n\n<h6 class=\"wp-block-heading\">Zweck der Verarbeitung von pers\u00f6nlichen Daten<\/h6>\n\n<p>Wenn Sie sich auf der Website anmelden, um dem f\u00fcr die Verarbeitung Verantwortlichen eine E-Mail zu senden, einen Kommentar zu einem Artikel oder einer Seite zu schreiben oder sich f\u00fcr seinen Newsletter anzumelden, stellen Sie pers\u00f6nliche Daten zur Verf\u00fcgung, f\u00fcr die der f\u00fcr die Verarbeitung Verantwortliche verantwortlich ist. Diese Informationen k\u00f6nnen pers\u00f6nliche Daten wie Ihre IP-Adresse, Ihren Vor- und Nachnamen, Ihre physische Adresse, Ihre E-Mail-Adresse, Ihre Telefonnummer und andere Informationen umfassen. Durch die Bereitstellung dieser Informationen erkl\u00e4ren Sie sich damit einverstanden, dass Ihre Informationen von - Chris-Conseil SARL - gesammelt, verwendet, verwaltet und gespeichert werden.  <\/p>\n\n<p>Die personenbezogenen Daten und der Zweck der Verarbeitung durch den f\u00fcr die Verarbeitung Verantwortlichen sind je nach dem System, in das die Informationen eingegeben werden, unterschiedlich:<\/p>\n\n<ul class=\"wp-block-list\">\n<li><strong>Kontaktformulare:<\/strong> Der f\u00fcr die Datenverarbeitung Verantwortliche fordert personenbezogene Daten an, die Folgendes umfassen k\u00f6nnen: Vor- und Nachname, E-Mail-Adresse, Telefonnummer und Website-Adresse, um auf Anfragen von Nutzern zu antworten.<br\/>Zum Beispiel verwendet der Eigent\u00fcmer diese Daten, um auf Nachrichten, Zweifel, Beschwerden, Kommentare oder Bedenken zu antworten, die die Nutzer in Bezug auf die auf der Website enthaltenen Informationen, die Verarbeitung personenbezogener Daten, Fragen zu den auf der Website enthaltenen Rechtstexten sowie jede andere Anfrage, die der Nutzer stellen kann und die nicht den Bedingungen der Website unterliegt, haben k\u00f6nnen.<\/li>\n\n\n\n<li><strong>Kommentarformulare:<\/strong> Der Eigent\u00fcmer fordert pers\u00f6nliche Daten an, die Folgendes umfassen k\u00f6nnen: Vor- und Nachname, E-Mail-Adresse und Website-Adresse, um auf Kommentare von Nutzern zu antworten.<\/li>\n<\/ul>\n\n<p>Es gibt andere Zwecke, zu denen der f\u00fcr die Verarbeitung Verantwortliche personenbezogene Daten verarbeitet:<\/p>\n\n<ul class=\"wp-block-list\">\n<li>Um die Einhaltung der Bedingungen zu gew\u00e4hrleisten, die in der anwendbaren Gesetzgebung festgelegt sind. Dies kann die Entwicklung von Tools und Algorithmen einschlie\u00dfen, die der Website helfen, die Vertraulichkeit der von ihr gesammelten pers\u00f6nlichen Daten zu gew\u00e4hrleisten. <\/li>\n\n\n\n<li>Zur Unterst\u00fctzung und Verbesserung der auf dieser Website angebotenen Dienstleistungen.<br\/>Analyse der Navigation der Nutzer. Der Eigent\u00fcmer sammelt andere nicht identifizierende Daten, die durch die Verwendung von Cookies erhalten werden, die auf den Computer des Nutzers heruntergeladen werden, wenn dieser auf der Website navigiert, deren Merkmale und Zweck auf der Seite <a href=\"\/politique-de-cookies\/\">Cookie-Richtlinie<\/a> n\u00e4her erl\u00e4utert werden. <\/li>\n\n\n\n<li>Zur Verwaltung der sozialen Netzwerke. Der Eigent\u00fcmer ist in sozialen Netzwerken vertreten. Wenn Sie ein Anh\u00e4nger der sozialen Netzwerke des Eigent\u00fcmers werden, wird die Verarbeitung der pers\u00f6nlichen Daten durch diesen Abschnitt sowie durch die Nutzungsbedingungen, Datenschutzrichtlinien und Zugangsregelungen geregelt, die zu dem sozialen Netzwerk geh\u00f6ren, das in jedem Fall anwendbar ist und dem Sie zuvor zugestimmt haben.  <br\/>Sie k\u00f6nnen die Datenschutzrichtlinien der wichtigsten sozialen Netzwerke unter diesen Links einsehen:<\/li>\n<\/ul>\n\n<ul class=\"wp-block-list\">\n<li><a href=\"https:\/\/www.facebook.com\/help\/cookies\" target=\"_blank\" rel=\"noreferrer noopener\">Facebook<\/a><\/li>\n\n\n\n<li><a href=\"https:\/\/twitter.com\/privacy\" target=\"_blank\" rel=\"noreferrer noopener\">Twitter<\/a><\/li>\n\n\n\n<li><a href=\"https:\/\/www.linkedin.com\/legal\/cookie-policy\" target=\"_blank\" rel=\"noreferrer noopener\">Linkedin<\/a><\/li>\n\n\n\n<li><a href=\"https:\/\/www.youtube.com\/privacy\" target=\"_blank\" rel=\"noreferrer noopener\">YouTube<\/a><\/li>\n\n\n\n<li><a href=\"https:\/\/www.instagram.com\/legal\/privacy\/\" target=\"_blank\" rel=\"noreferrer noopener\">Instagram<\/a><\/li>\n<\/ul>\n\n<p>Der Rechtsinhaber wird Ihre pers\u00f6nlichen Daten verarbeiten, um Ihre Pr\u00e4senz in dem sozialen Netzwerk ordnungsgem\u00e4\u00df zu verwalten, Sie \u00fcber seine Aktivit\u00e4ten zu informieren und f\u00fcr jeden anderen Zweck, den die Vorschriften f\u00fcr soziale Netzwerke zulassen.<\/p>\n\n<p>Unter keinen Umst\u00e4nden wird der f\u00fcr die Verarbeitung Verantwortliche die Profile von Followern in sozialen Netzwerken verwenden, um individuelle Werbung zu versenden.<\/p>\n\n<h6 class=\"wp-block-heading\">Sicherheit der pers\u00f6nlichen Daten<\/h6>\n\n<p>Um Ihre pers\u00f6nlichen Daten zu sch\u00fctzen, ergreift der Datenverarbeiter alle angemessenen Vorsichtsma\u00dfnahmen und befolgt die besten Praktiken der Branche, um den Verlust, Missbrauch, unangemessenen Zugang, Offenlegung, \u00c4nderung oder Zerst\u00f6rung Ihrer pers\u00f6nlichen Daten zu verhindern.<\/p>\n\n<p>Ihre Daten k\u00f6nnen in eine Mailinglistendatei aufgenommen werden, f\u00fcr deren Verwaltung und Verarbeitung der f\u00fcr die Verarbeitung Verantwortliche zust\u00e4ndig ist. Die Sicherheit Ihrer Daten ist gew\u00e4hrleistet, da der f\u00fcr die Verarbeitung Verantwortliche alle erforderlichen Sicherheitsma\u00dfnahmen ergreift und garantiert, dass die personenbezogenen Daten nur f\u00fcr die angegebenen Zwecke verwendet werden. <\/p>\n\n<h6 class=\"wp-block-heading\">Inhalt anderer Webseiten<\/h6>\n\n<p>Die Seiten dieser Website k\u00f6nnen eingebettete Inhalte enthalten (z.B. Videos, Bilder, Artikel usw.). Eingebettete Inhalte von anderen Webseiten verhalten sich genau so, als ob Sie die andere Webseite besucht h\u00e4tten. <\/p>\n\n<p>Diese Webseiten k\u00f6nnen Daten \u00fcber Sie sammeln, Cookies verwenden, zus\u00e4tzlichen Tracking-Code von Dritten einbinden und Ihre Interaktion mit diesem Code \u00fcberwachen.<\/p>\n\n<h6 class=\"wp-block-heading\">Cookie-Richtlinie<\/h6>\n\n<p>Damit diese Website richtig funktioniert, muss sie Cookies verwenden, die in Ihrem Browser gespeichert werden.<\/p>\n\n<p>Sie k\u00f6nnen alle Informationen \u00fcber die Politik der Sammlung und Verarbeitung von Cookies auf der Seite <a href=\"\/politique-de-cookies\/\">Cookie-Richtlinie<\/a> einsehen.<\/p>\n\n<h6 class=\"wp-block-heading\">Legitimation der Datenverarbeitung<\/h6>\n\n<p>Die Rechtsgrundlage f\u00fcr die Verarbeitung Ihrer Daten ist :<\/p>\n\n<ul class=\"wp-block-list\">\n<li>Die Zustimmung der betroffenen Person.<\/li>\n<\/ul>\n\n<h6 class=\"wp-block-heading\">Kategorien von personenbezogenen Daten<\/h6>\n\n<p>Die Kategorien personenbezogener Daten, die von dem f\u00fcr die Datenverarbeitung Verantwortlichen verarbeitet werden, sind :<\/p>\n\n<ul class=\"wp-block-list\">\n<li>Identifikationsdaten.<\/li>\n<\/ul>\n\n<h6 class=\"wp-block-heading\">Aufbewahrung von pers\u00f6nlichen Daten<\/h6>\n\n<p>Die dem Datenverwalter zur Verf\u00fcgung gestellten pers\u00f6nlichen Daten werden so lange aufbewahrt, bis der Datenverwalter ihre L\u00f6schung verlangt.<\/p>\n\n<h6 class=\"wp-block-heading\">Empf\u00e4nger von personenbezogenen Daten<\/h6>\n\n<p>Google Analytics ist ein Webanalysedienst von Google, Inc., einer Gesellschaft mit Sitz in Delaware, mit Sitz in 1600 Amphitheatre Parkway, Mountain View (Kalifornien), CA 94043, USA (&#8222;Google&#8220;).<br\/>Google Analytics verwendet sog. &#8222;Cookies&#8220;, Textdateien, die auf Ihrem Computer gespeichert werden und die eine Analyse der Benutzung der Website durch die Nutzer erm\u00f6glichen. Die durch den Cookie erzeugten Informationen \u00fcber Ihre Benutzung dieser Website (einschlie\u00dflich Ihrer IP-Adresse) werden an einen Server von Google in den USA \u00fcbertragen und dort gespeichert.<br\/>Weitere Informationen finden Sie auf der folgenden Website: https:\/\/analytics.google.com<br\/>Sie k\u00f6nnen herausfinden, wie Google mit dem Datenschutz in Bezug auf die Verwendung von Cookies umgeht und weitere Informationen auf der Seite mit den Datenschutzbestimmungen von Google finden: https: <a href=\"https:\/\/policies.google.com\/privacy?hl=fr\" target=\"_blank\" rel=\"noopener\">\/\/policies.google.com\/privacy?hl=fr<\/a>. <\/p>\n\n<p>Sie k\u00f6nnen auch eine Liste der Arten von Cookies einsehen, die von Google und seinen Partnern verwendet werden, und Informationen \u00fcber deren Verwendung von Werbe-Cookies unter folgender Adresse erhalten:<\/p>\n\n<p><a href=\"https:\/\/policies.google.com\/technologies\/cookies?hl=fr#types-of-cookies\" target=\"_blank\" rel=\"noopener\">Arten von Cookies, die von Google verwendet werden<\/a><br\/><a href=\"https:\/\/policies.google.com\/technologies\/ads?hl=fr\" target=\"_blank\" rel=\"noopener\">Wie Google Werbe-Cookies verwendet.<\/a><\/p>\n\n<h6 class=\"wp-block-heading\">Surfen im Web<\/h6>\n\n<p>Beim Surfen auf der Website k\u00f6nnen nicht-identifizierende Daten gesammelt werden, die die IP-Adresse, Geolokalisierung, eine Aufzeichnung der Nutzung der Dienste und Websites, Surfgewohnheiten und andere Daten, die nicht zur Identifizierung Ihrer Person verwendet werden k\u00f6nnen, umfassen k\u00f6nnen.<\/p>\n\n<p>Die Website nutzt die folgenden Analysedienste von Dritten:<\/p>\n\n<ul class=\"wp-block-list\">\n<li>Google Analytics.<\/li>\n<\/ul>\n\n<p>Der Inhaber verwendet die erhaltenen Informationen, um statistische Daten zu erhalten, Trends zu analysieren, die Website zu verwalten, die Surfgewohnheiten zu untersuchen und demografische Informationen zu sammeln.<\/p>\n\n<p>Der Eigent\u00fcmer ist nicht verantwortlich f\u00fcr die Verarbeitung personenbezogener Daten durch die Websites, auf die Sie \u00fcber die verschiedenen Links auf der Website zugreifen k\u00f6nnen.<\/p>\n\n<h6 class=\"wp-block-heading\">Richtigkeit und Wahrhaftigkeit der pers\u00f6nlichen Daten<\/h6>\n\n<p>Sie verpflichten sich, daf\u00fcr zu sorgen, dass die dem Eigner zur Verf\u00fcgung gestellten Daten korrekt, vollst\u00e4ndig, genau und auf dem neuesten Stand sind und dass sie auf dem neuesten Stand gehalten werden.<\/p>\n\n<p>Als Nutzer der Website sind Sie allein verantwortlich f\u00fcr die Wahrhaftigkeit und Genauigkeit der an die Website \u00fcbermittelten Daten und entbinden den Eigent\u00fcmer von jeglicher Haftung in dieser Hinsicht.<\/p>\n\n<h6 class=\"wp-block-heading\">Akzeptanz und Zustimmung<\/h6>\n\n<p>Als Nutzer der Website erkl\u00e4ren Sie, dass Sie \u00fcber die Bedingungen zum Schutz Ihrer pers\u00f6nlichen Daten informiert wurden und dass Sie die Verarbeitung dieser Daten durch den Eigent\u00fcmer in der Weise und zu den Zwecken, die in dieser Datenschutzrichtlinie angegeben sind, akzeptieren und ihr zustimmen.<\/p>\n\n<p>Um den Eigent\u00fcmer zu kontaktieren, sich f\u00fcr einen Newsletter anzumelden oder Kommentare zu dieser Website abzugeben, m\u00fcssen Sie diese Datenschutzrichtlinie akzeptieren.<\/p>\n\n<h6 class=\"wp-block-heading\">\u00c4nderungen der Datenschutzrichtlinie<\/h6>\n\n<p>Der Eigent\u00fcmer beh\u00e4lt sich das Recht vor, diese Datenschutzrichtlinie zu \u00e4ndern, um sie an neue Gesetze oder Rechtsprechung sowie an die Branchenpraxis anzupassen.<\/p>\n\n<p>Diese Richtlinien bleiben in Kraft, bis sie durch andere, ordnungsgem\u00e4\u00df ver\u00f6ffentlichte Richtlinien ge\u00e4ndert werden.<\/p>\n","protected":false},"excerpt":{"rendered":"<p>Der Eigent\u00fcmer informiert Sie \u00fcber seine Datenschutzpolitik in Bezug auf die Verarbeitung und den Schutz der pers\u00f6nlichen Daten der Nutzer, die w\u00e4hrend der Navigation auf der Website gesammelt werden k\u00f6nnen: https: \/\/chris-medical-services.ch. In dieser Hinsicht h\u00e4lt sich der Rechtsinhaber an die Verordnung (EU) 2016\/679 des Europ\u00e4ischen Parlaments und des Rates vom 27. April 2016 zum [&hellip;]<\/p>\n","protected":false},"author":1,"featured_media":0,"parent":0,"menu_order":0,"comment_status":"closed","ping_status":"closed","template":"","meta":{"_acf_changed":false,"footnotes":""},"class_list":["post-1853","page","type-page","status-publish","hentry"],"acf":[],"_links":{"self":[{"href":"https:\/\/chris-medical-services.ch\/de\/wp-json\/wp\/v2\/pages\/1853","targetHints":{"allow":["GET"]}}],"collection":[{"href":"https:\/\/chris-medical-services.ch\/de\/wp-json\/wp\/v2\/pages"}],"about":[{"href":"https:\/\/chris-medical-services.ch\/de\/wp-json\/wp\/v2\/types\/page"}],"author":[{"embeddable":true,"href":"https:\/\/chris-medical-services.ch\/de\/wp-json\/wp\/v2\/users\/1"}],"replies":[{"embeddable":true,"href":"https:\/\/chris-medical-services.ch\/de\/wp-json\/wp\/v2\/comments?post=1853"}],"version-history":[{"count":3,"href":"https:\/\/chris-medical-services.ch\/de\/wp-json\/wp\/v2\/pages\/1853\/revisions"}],"predecessor-version":[{"id":2194,"href":"https:\/\/chris-medical-services.ch\/de\/wp-json\/wp\/v2\/pages\/1853\/revisions\/2194"}],"wp:attachment":[{"href":"https:\/\/chris-medical-services.ch\/de\/wp-json\/wp\/v2\/media?parent=1853"}],"curies":[{"name":"wp","href":"https:\/\/api.w.org\/{rel}","templated":true}]}}