{"id":1860,"date":"2025-06-01T08:27:28","date_gmt":"2025-06-01T08:27:28","guid":{"rendered":"https:\/\/chris-medical-services.ch\/produit\/sgs-fuehrerschein\/"},"modified":"2026-04-01T07:41:22","modified_gmt":"2026-04-01T07:41:22","slug":"sgs-fuehrerschein","status":"publish","type":"product","link":"https:\/\/chris-medical-services.ch\/de\/produit\/sgs-fuehrerschein\/","title":{"rendered":"Erste Hilfe f\u00fcr den F\u00fchrerschein"},"content":{"rendered":"<p>Sind Sie bereit, mit Vertrauen auf die Stra\u00dfe zu gehen?<\/p>\n","protected":false},"excerpt":{"rendered":"<h4>Vor der Freiheit kommt die Verantwortung<\/h4>\n<p>Dieser Kurs vermittelt Ihnen die wichtigsten Grundlagen, um ein verantwortungsbewusster Fahrer zu werden und zu wissen, wie Sie in einer Notsituation reagieren m\u00fcssen.<\/p>\n<ul>\n<li><strong>Obligatorische Ausbildung<\/strong> f\u00fcr den Erwerb des F\u00fchrerscheins in der Schweiz<\/li>\n<li>Lernen Sie, wie Sie bei einem Verkehrsunfall richtig reagieren und die Opfer sch\u00fctzen k\u00f6nnen, bevor Hilfe eintrifft.<\/li>\n<li><strong>Praktisches Training<\/strong> mit \u00dcbungen und Situationsaufgaben<\/li>\n<li>Betreuung durch <strong>medizinisches Fachpersonal und Medizinstudenten<\/strong><\/li>\n<li><strong>F\u00fcr alle zug\u00e4nglich, ohne Vorbedingungen<\/strong><\/li>\n<\/ul>\n","protected":false},"featured_media":959,"comment_status":"open","ping_status":"closed","template":"","meta":{"_acf_changed":false},"product_brand":[],"product_cat":[78],"product_tag":[],"class_list":{"0":"post-1860","1":"product","2":"type-product","3":"status-publish","4":"has-post-thumbnail","6":"product_cat-schulungen","8":"first","9":"instock","10":"sale","11":"virtual","12":"purchasable","13":"product-type-simple"},"acf":[],"_links":{"self":[{"href":"https:\/\/chris-medical-services.ch\/de\/wp-json\/wp\/v2\/product\/1860","targetHints":{"allow":["GET"]}}],"collection":[{"href":"https:\/\/chris-medical-services.ch\/de\/wp-json\/wp\/v2\/product"}],"about":[{"href":"https:\/\/chris-medical-services.ch\/de\/wp-json\/wp\/v2\/types\/product"}],"replies":[{"embeddable":true,"href":"https:\/\/chris-medical-services.ch\/de\/wp-json\/wp\/v2\/comments?post=1860"}],"wp:featuredmedia":[{"embeddable":true,"href":"https:\/\/chris-medical-services.ch\/de\/wp-json\/wp\/v2\/media\/959"}],"wp:attachment":[{"href":"https:\/\/chris-medical-services.ch\/de\/wp-json\/wp\/v2\/media?parent=1860"}],"wp:term":[{"taxonomy":"product_brand","embeddable":true,"href":"https:\/\/chris-medical-services.ch\/de\/wp-json\/wp\/v2\/product_brand?post=1860"},{"taxonomy":"product_cat","embeddable":true,"href":"https:\/\/chris-medical-services.ch\/de\/wp-json\/wp\/v2\/product_cat?post=1860"},{"taxonomy":"product_tag","embeddable":true,"href":"https:\/\/chris-medical-services.ch\/de\/wp-json\/wp\/v2\/product_tag?post=1860"}],"curies":[{"name":"wp","href":"https:\/\/api.w.org\/{rel}","templated":true}]}}