{"id":1862,"date":"2025-05-25T08:25:55","date_gmt":"2025-05-25T08:25:55","guid":{"rendered":"https:\/\/chris-medical-services.ch\/produit\/ias-2\/"},"modified":"2026-04-01T07:40:29","modified_gmt":"2026-04-01T07:40:29","slug":"ias-2","status":"publish","type":"product","link":"https:\/\/chris-medical-services.ch\/de\/produit\/ias-2\/","title":{"rendered":"Erste Hilfe - IAS \/ IVR Level 2"},"content":{"rendered":"<p><span class=\"TextRun SCXW34935538 BCX0\" lang=\"FR-CH\" xml:lang=\"FR-CH\" data-contrast=\"auto\"> <span class=\"NormalTextRun SCXW34935538 BCX0\">Lernen Sie, schnell und sicher auf verschiedene Arten von Notf\u00e4llen zu reagieren.<\/span><span class=\"NormalTextRun SCXW34935538 BCX0\">.<\/span><\/span><\/p>\n","protected":false},"excerpt":{"rendered":"<h4><b>Verbesserung der Erste-Hilfe-Kenntnisse.<\/b><\/h4>\n<p><span style=\"font-weight: 400;\">Die Ausbildung <\/span><b>IAS \/ IVR Level 2<\/b><span style=\"font-weight: 400;\"> erm\u00f6glicht es, die in der Ersten Hilfe erworbenen F\u00e4higkeiten zu verst\u00e4rken und zu vertiefen.<\/span><\/p>\n<p><span style=\"font-weight: 400;\">Sie bereitet die Teilnehmer darauf vor, in komplexen Notfallsituationen bis zum Eintreffen professioneller Hilfe strukturierter zu handeln.<\/span><\/p>\n<ul>\n<li style=\"font-weight: 400;\" aria-level=\"1\"><span style=\"font-weight: 400;\">Die Ausbildung entspricht den Empfehlungen des <\/span><b>Interverband f\u00fcr Rettungswesen (IAS \/ IVR)<\/b><\/li>\n<li style=\"font-weight: 400;\" aria-level=\"1\"><span style=\"font-weight: 400;\">Vertiefung der Erste-Hilfe-Ma\u00dfnahmen <\/span><b>Erste-Hilfe-Ma\u00dfnahmen und Behandlung von Opfern<\/b><\/li>\n<li style=\"font-weight: 400;\" aria-level=\"1\"><b>Praktische \u00dcbungen<\/b><span style=\"font-weight: 400;\"> und realistische Szenarien<\/span><\/li>\n<li style=\"font-weight: 400;\" aria-level=\"1\"><span style=\"font-weight: 400;\">Betreuung durch <\/span><b>Angeh\u00f6rige der Gesundheitsberufe und Medizinstudenten<\/b><\/li>\n<li aria-level=\"1\"><b>Anerkanntes Zertifikat <\/b><\/li>\n<\/ul>\n","protected":false},"featured_media":947,"comment_status":"open","ping_status":"closed","template":"","meta":{"_acf_changed":false},"product_brand":[],"product_cat":[78],"product_tag":[],"class_list":{"0":"post-1862","1":"product","2":"type-product","3":"status-publish","4":"has-post-thumbnail","6":"product_cat-schulungen","8":"first","9":"instock","10":"virtual","11":"purchasable","12":"product-type-simple"},"acf":[],"_links":{"self":[{"href":"https:\/\/chris-medical-services.ch\/de\/wp-json\/wp\/v2\/product\/1862","targetHints":{"allow":["GET"]}}],"collection":[{"href":"https:\/\/chris-medical-services.ch\/de\/wp-json\/wp\/v2\/product"}],"about":[{"href":"https:\/\/chris-medical-services.ch\/de\/wp-json\/wp\/v2\/types\/product"}],"replies":[{"embeddable":true,"href":"https:\/\/chris-medical-services.ch\/de\/wp-json\/wp\/v2\/comments?post=1862"}],"wp:featuredmedia":[{"embeddable":true,"href":"https:\/\/chris-medical-services.ch\/de\/wp-json\/wp\/v2\/media\/947"}],"wp:attachment":[{"href":"https:\/\/chris-medical-services.ch\/de\/wp-json\/wp\/v2\/media?parent=1862"}],"wp:term":[{"taxonomy":"product_brand","embeddable":true,"href":"https:\/\/chris-medical-services.ch\/de\/wp-json\/wp\/v2\/product_brand?post=1862"},{"taxonomy":"product_cat","embeddable":true,"href":"https:\/\/chris-medical-services.ch\/de\/wp-json\/wp\/v2\/product_cat?post=1862"},{"taxonomy":"product_tag","embeddable":true,"href":"https:\/\/chris-medical-services.ch\/de\/wp-json\/wp\/v2\/product_tag?post=1862"}],"curies":[{"name":"wp","href":"https:\/\/api.w.org\/{rel}","templated":true}]}}