{"id":1870,"date":"2025-05-28T10:20:59","date_gmt":"2025-05-28T10:20:59","guid":{"rendered":"https:\/\/chris-medical-services.ch\/produit\/pbls-aed-paediatrie\/"},"modified":"2026-04-01T07:37:28","modified_gmt":"2026-04-01T07:37:28","slug":"pbls-aed-paediatrie","status":"publish","type":"product","link":"https:\/\/chris-medical-services.ch\/de\/produit\/pbls-aed-paediatrie\/","title":{"rendered":"Erste Hilfe f\u00fcr S\u00e4uglinge und Kinder"},"content":{"rendered":"<p><span class=\"TextRun SCXW147453484 BCX0\" lang=\"FR-CH\" xml:lang=\"FR-CH\" data-contrast=\"auto\"><span class=\"NormalTextRun SCXW147453484 BCX0\">Beherrschen Sie die Grundlagen der p\u00e4diatrischen Notfallhilfe.<\/span><span class=\"NormalTextRun SCXW147453484 BCX0\">.<\/span><\/span><\/p>\n","protected":false},"excerpt":{"rendered":"<h4><b>Die richtigen Reflexe k\u00f6nnen das Leben eines Kindes retten.<\/b><\/h4>\n<p><span style=\"font-weight: 400;\">Notf\u00e4lle bei S\u00e4uglingen und Kleinkindern erfordern angemessene Ma\u00dfnahmen.<\/span><span style=\"font-weight: 400;\"><br \/>\n<\/span><span style=\"font-weight: 400;\">Wenn Sie ein Kind betreuen, ist es wichtig zu wissen, wie man in einer Notsituation reagiert.<\/span><\/p>\n<p><span style=\"font-weight: 400;\">In diesem Kurs lernen Sie, wie Sie eine kritische Situation erkennen und bis zum Eintreffen der Rettungskr\u00e4fte effektiv eingreifen k\u00f6nnen.<\/span><\/p>\n<ul>\n<li style=\"font-weight: 400;\" aria-level=\"1\"><span style=\"font-weight: 400;\">Schulung mit Schwerpunkt auf Kindernotf\u00e4llen <\/span><b>Notf\u00e4lle bei S\u00e4uglingen und Kindern<\/b><\/li>\n<li style=\"font-weight: 400;\" aria-level=\"1\"><span style=\"font-weight: 400;\">Erlernen von Erste-Hilfe-Ma\u00dfnahmen <\/span><b>altersgerechte Erste-Hilfe-Ma\u00dfnahmen<\/b><\/li>\n<li style=\"font-weight: 400;\" aria-level=\"1\"><b>Praktische \u00dcbungen<\/b><span style=\"font-weight: 400;\"> und realistische Situationen<\/span><\/li>\n<li style=\"font-weight: 400;\" aria-level=\"1\"><span style=\"font-weight: 400;\">Betreuung durch <\/span><b>Angeh\u00f6rige der Gesundheitsberufe und Medizinstudenten<\/b><\/li>\n<li style=\"font-weight: 400;\" aria-level=\"1\"><b>F\u00fcr alle zug\u00e4nglich, ohne Vorbedingungen<\/b><\/li>\n<\/ul>\n","protected":false},"featured_media":1811,"comment_status":"open","ping_status":"closed","template":"","meta":{"_acf_changed":false},"product_brand":[],"product_cat":[78],"product_tag":[],"class_list":{"0":"post-1870","1":"product","2":"type-product","3":"status-publish","4":"has-post-thumbnail","6":"product_cat-schulungen","8":"first","9":"instock","10":"virtual","11":"purchasable","12":"product-type-simple"},"acf":[],"_links":{"self":[{"href":"https:\/\/chris-medical-services.ch\/de\/wp-json\/wp\/v2\/product\/1870","targetHints":{"allow":["GET"]}}],"collection":[{"href":"https:\/\/chris-medical-services.ch\/de\/wp-json\/wp\/v2\/product"}],"about":[{"href":"https:\/\/chris-medical-services.ch\/de\/wp-json\/wp\/v2\/types\/product"}],"replies":[{"embeddable":true,"href":"https:\/\/chris-medical-services.ch\/de\/wp-json\/wp\/v2\/comments?post=1870"}],"wp:featuredmedia":[{"embeddable":true,"href":"https:\/\/chris-medical-services.ch\/de\/wp-json\/wp\/v2\/media\/1811"}],"wp:attachment":[{"href":"https:\/\/chris-medical-services.ch\/de\/wp-json\/wp\/v2\/media?parent=1870"}],"wp:term":[{"taxonomy":"product_brand","embeddable":true,"href":"https:\/\/chris-medical-services.ch\/de\/wp-json\/wp\/v2\/product_brand?post=1870"},{"taxonomy":"product_cat","embeddable":true,"href":"https:\/\/chris-medical-services.ch\/de\/wp-json\/wp\/v2\/product_cat?post=1870"},{"taxonomy":"product_tag","embeddable":true,"href":"https:\/\/chris-medical-services.ch\/de\/wp-json\/wp\/v2\/product_tag?post=1870"}],"curies":[{"name":"wp","href":"https:\/\/api.w.org\/{rel}","templated":true}]}}