{"id":3789,"date":"2026-02-12T04:20:56","date_gmt":"2026-02-12T04:20:56","guid":{"rendered":"https:\/\/chris-medical-services.ch\/produit\/rostfreie-schere\/"},"modified":"2026-02-12T04:20:56","modified_gmt":"2026-02-12T04:20:56","slug":"rostfreie-schere","status":"publish","type":"product","link":"https:\/\/chris-medical-services.ch\/de\/produit\/rostfreie-schere\/","title":{"rendered":"Rostfreie Schere"},"content":{"rendered":"<p><span class=\"TextRun SCXW112736679 BCX0\" lang=\"FR-CH\" data-contrast=\"auto\" xml:lang=\"FR-CH\"><span class=\"NormalTextRun SCXW112736679 BCX0\">Schere aus rostfreiem Stahl zum schnellen Zuschneiden von Kleidung, Bandagen oder Verb\u00e4nden.<\/span><\/span><span class=\"LineBreakBlob BlobObject DragDrop SCXW112736679 BCX0\"><span class=\"SCXW112736679 BCX0\"> <\/span><br class=\"SCXW112736679 BCX0\"><\/span><span class=\"TextRun SCXW112736679 BCX0\" lang=\"FR-CH\" data-contrast=\"auto\" xml:lang=\"FR-CH\"><span class=\"NormalTextRun SCXW112736679 BCX0\">Unerl\u00e4ssliches Werkzeug, um den Zugang zu einem zu behandelnden Bereich w\u00e4hrend eines Eingriffs zu erleichtern.<\/span><\/span><span class=\"EOP SCXW112736679 BCX0\" data-ccp-props=\"{}\"> <\/span><\/p>\n","protected":false},"excerpt":{"rendered":"<p>Schere aus rostfreiem Stahl zum schnellen Zuschneiden von Kleidung, Bandagen oder Verb\u00e4nden. Unerl\u00e4ssliches Werkzeug, um den Zugang zu einem zu behandelnden Bereich w\u00e4hrend eines Eingriffs zu erleichtern.<\/p>\n","protected":false},"featured_media":3790,"comment_status":"closed","ping_status":"closed","template":"","meta":{"_acf_changed":false},"product_brand":[],"product_cat":[93],"product_tag":[],"class_list":{"0":"post-3789","1":"product","2":"type-product","3":"status-publish","4":"has-post-thumbnail","6":"product_cat-nachschub","8":"first","9":"instock","10":"shipping-taxable","11":"purchasable","12":"product-type-simple"},"acf":[],"_links":{"self":[{"href":"https:\/\/chris-medical-services.ch\/de\/wp-json\/wp\/v2\/product\/3789","targetHints":{"allow":["GET"]}}],"collection":[{"href":"https:\/\/chris-medical-services.ch\/de\/wp-json\/wp\/v2\/product"}],"about":[{"href":"https:\/\/chris-medical-services.ch\/de\/wp-json\/wp\/v2\/types\/product"}],"replies":[{"embeddable":true,"href":"https:\/\/chris-medical-services.ch\/de\/wp-json\/wp\/v2\/comments?post=3789"}],"wp:featuredmedia":[{"embeddable":true,"href":"https:\/\/chris-medical-services.ch\/de\/wp-json\/wp\/v2\/media\/3790"}],"wp:attachment":[{"href":"https:\/\/chris-medical-services.ch\/de\/wp-json\/wp\/v2\/media?parent=3789"}],"wp:term":[{"taxonomy":"product_brand","embeddable":true,"href":"https:\/\/chris-medical-services.ch\/de\/wp-json\/wp\/v2\/product_brand?post=3789"},{"taxonomy":"product_cat","embeddable":true,"href":"https:\/\/chris-medical-services.ch\/de\/wp-json\/wp\/v2\/product_cat?post=3789"},{"taxonomy":"product_tag","embeddable":true,"href":"https:\/\/chris-medical-services.ch\/de\/wp-json\/wp\/v2\/product_tag?post=3789"}],"curies":[{"name":"wp","href":"https:\/\/api.w.org\/{rel}","templated":true}]}}