{"id":3802,"date":"2026-02-12T05:21:21","date_gmt":"2026-02-12T05:21:21","guid":{"rendered":"https:\/\/chris-medical-services.ch\/produit\/lueftungsmaske\/"},"modified":"2026-02-12T05:21:21","modified_gmt":"2026-02-12T05:21:21","slug":"lueftungsmaske","status":"publish","type":"product","link":"https:\/\/chris-medical-services.ch\/de\/produit\/lueftungsmaske\/","title":{"rendered":"L\u00fcftungsmaske"},"content":{"rendered":"<p><span class=\"TextRun SCXW144545673 BCX0\" lang=\"FR-CH\" data-contrast=\"auto\" xml:lang=\"FR-CH\"><span class=\"NormalTextRun SCXW144545673 BCX0\">Einweg-Beatmungsmaske, die eine sichere Beatmung w\u00e4hrend einer Wiederbelebung erm\u00f6glicht.<\/span><\/span><span class=\"LineBreakBlob BlobObject DragDrop SCXW144545673 BCX0\"><span class=\"SCXW144545673 BCX0\"> <\/span><br class=\"SCXW144545673 BCX0\"><\/span><span class=\"TextRun SCXW144545673 BCX0\" lang=\"FR-CH\" data-contrast=\"auto\" xml:lang=\"FR-CH\"><span class=\"NormalTextRun SCXW144545673 BCX0\">Bietet Schutz f\u00fcr den Helfer und erleichtert die k\u00fcnstliche Beatmung.<\/span><\/span><span class=\"EOP SCXW144545673 BCX0\" data-ccp-props=\"{}\"> <\/span><\/p>\n","protected":false},"excerpt":{"rendered":"<p>Einweg-Beatmungsmaske, die eine sichere Beatmung w\u00e4hrend einer Wiederbelebung erm\u00f6glicht. Bietet Schutz f\u00fcr den Helfer und erleichtert die k\u00fcnstliche Beatmung.<\/p>\n","protected":false},"featured_media":3804,"comment_status":"closed","ping_status":"closed","template":"","meta":{"_acf_changed":false},"product_brand":[],"product_cat":[93],"product_tag":[],"class_list":{"0":"post-3802","1":"product","2":"type-product","3":"status-publish","4":"has-post-thumbnail","6":"product_cat-nachschub","8":"first","9":"instock","10":"shipping-taxable","11":"purchasable","12":"product-type-simple"},"acf":[],"_links":{"self":[{"href":"https:\/\/chris-medical-services.ch\/de\/wp-json\/wp\/v2\/product\/3802","targetHints":{"allow":["GET"]}}],"collection":[{"href":"https:\/\/chris-medical-services.ch\/de\/wp-json\/wp\/v2\/product"}],"about":[{"href":"https:\/\/chris-medical-services.ch\/de\/wp-json\/wp\/v2\/types\/product"}],"replies":[{"embeddable":true,"href":"https:\/\/chris-medical-services.ch\/de\/wp-json\/wp\/v2\/comments?post=3802"}],"wp:featuredmedia":[{"embeddable":true,"href":"https:\/\/chris-medical-services.ch\/de\/wp-json\/wp\/v2\/media\/3804"}],"wp:attachment":[{"href":"https:\/\/chris-medical-services.ch\/de\/wp-json\/wp\/v2\/media?parent=3802"}],"wp:term":[{"taxonomy":"product_brand","embeddable":true,"href":"https:\/\/chris-medical-services.ch\/de\/wp-json\/wp\/v2\/product_brand?post=3802"},{"taxonomy":"product_cat","embeddable":true,"href":"https:\/\/chris-medical-services.ch\/de\/wp-json\/wp\/v2\/product_cat?post=3802"},{"taxonomy":"product_tag","embeddable":true,"href":"https:\/\/chris-medical-services.ch\/de\/wp-json\/wp\/v2\/product_tag?post=3802"}],"curies":[{"name":"wp","href":"https:\/\/api.w.org\/{rel}","templated":true}]}}