{"id":3808,"date":"2026-01-26T16:49:57","date_gmt":"2026-01-26T16:49:57","guid":{"rendered":"https:\/\/chris-medical-services.ch\/produit\/zoll-cpr-uni-padz-elektroden-fuer-aed-3\/"},"modified":"2026-01-26T16:49:57","modified_gmt":"2026-01-26T16:49:57","slug":"zoll-cpr-uni-padz-elektroden-fuer-aed-3","status":"publish","type":"product","link":"https:\/\/chris-medical-services.ch\/de\/produit\/zoll-cpr-uni-padz-elektroden-fuer-aed-3\/","title":{"rendered":"ZOLL CPR Uni-padz Elektroden f\u00fcr AED 3"},"content":{"rendered":"<p><span data-ccp-props=\"{}\"> <\/span><span data-contrast=\"auto\">Die ZOLL CPR Uni-padz Elektroden sind f\u00fcr den Einsatz in ZOLL Defibrillatoren konzipiert und erm\u00f6glichen eine schnelle und effektive Intervention bei Herzstillstand am Arbeitsplatz oder in \u00f6ffentlichen R\u00e4umen.<\/span><span data-ccp-props=\"{}\"> <\/span><\/p>\n<p><span data-contrast=\"auto\">Ein einziger Satz Elektroden ist sowohl f\u00fcr Erwachsene als auch f\u00fcr Kinder geeignet, was die Ausr\u00fcstung vereinfacht und Fehler in einem Notfall vermeidet. Die Pflaster liefern auch eine R\u00fcckmeldung \u00fcber die Qualit\u00e4t der Herzdruckmassage (HLW), um dem Retter zu helfen, die richtigen Ma\u00dfnahmen zu ergreifen. <\/span><span data-ccp-props=\"{}\"> <\/span><\/p>\n<p><span data-contrast=\"auto\">Die Elektroden sind mit ihrem gr\u00fcnen Stecker einfach zu installieren, f\u00fcr den einmaligen Gebrauch bestimmt und haben eine Haltbarkeit von 5 Jahren, was ideal ist, um Wartungsarbeiten und h\u00e4ufiges Auswechseln zu vermeiden.<\/span><span data-ccp-props=\"{}\"> <\/span><\/p>\n<p><span data-contrast=\"auto\">Sie sind mit den Defibrillatoren ZOLL AED 3 und AED 3 BLS kompatibel und eignen sich f\u00fcr Unternehmen, Industrieanlagen, Kommunen, \u00f6ffentliche Einrichtungen und Rettungsdienste.<\/span><span data-ccp-props=\"{}\"> <\/span><\/p>\n","protected":false},"excerpt":{"rendered":"<p><b><span data-contrast=\"auto\">ZOLL AED-Elektroden f\u00fcr Erwachsene und Kinder, mit CPR-Unterst\u00fctzung und langer Haltbarkeitsdauer.<\/span><\/b><\/p>\n","protected":false},"featured_media":3810,"comment_status":"closed","ping_status":"closed","template":"","meta":{"_acf_changed":false},"product_brand":[],"product_cat":[97],"product_tag":[],"class_list":{"0":"post-3808","1":"product","2":"type-product","3":"status-publish","4":"has-post-thumbnail","6":"product_cat-derivate","8":"first","9":"instock","10":"shipping-taxable","11":"product-type-simple"},"acf":[],"_links":{"self":[{"href":"https:\/\/chris-medical-services.ch\/de\/wp-json\/wp\/v2\/product\/3808","targetHints":{"allow":["GET"]}}],"collection":[{"href":"https:\/\/chris-medical-services.ch\/de\/wp-json\/wp\/v2\/product"}],"about":[{"href":"https:\/\/chris-medical-services.ch\/de\/wp-json\/wp\/v2\/types\/product"}],"replies":[{"embeddable":true,"href":"https:\/\/chris-medical-services.ch\/de\/wp-json\/wp\/v2\/comments?post=3808"}],"wp:featuredmedia":[{"embeddable":true,"href":"https:\/\/chris-medical-services.ch\/de\/wp-json\/wp\/v2\/media\/3810"}],"wp:attachment":[{"href":"https:\/\/chris-medical-services.ch\/de\/wp-json\/wp\/v2\/media?parent=3808"}],"wp:term":[{"taxonomy":"product_brand","embeddable":true,"href":"https:\/\/chris-medical-services.ch\/de\/wp-json\/wp\/v2\/product_brand?post=3808"},{"taxonomy":"product_cat","embeddable":true,"href":"https:\/\/chris-medical-services.ch\/de\/wp-json\/wp\/v2\/product_cat?post=3808"},{"taxonomy":"product_tag","embeddable":true,"href":"https:\/\/chris-medical-services.ch\/de\/wp-json\/wp\/v2\/product_tag?post=3808"}],"curies":[{"name":"wp","href":"https:\/\/api.w.org\/{rel}","templated":true}]}}