{"id":3854,"date":"2026-01-26T16:54:38","date_gmt":"2026-01-26T16:54:38","guid":{"rendered":"https:\/\/chris-medical-services.ch\/produit\/zoll-cpr-d-padz-elektroden-fuer-erwachsene-kompatibel-mit-aed-zoll-plus\/"},"modified":"2026-01-26T16:54:38","modified_gmt":"2026-01-26T16:54:38","slug":"zoll-cpr-d-padz-elektroden-fuer-erwachsene-kompatibel-mit-aed-zoll-plus","status":"publish","type":"product","link":"https:\/\/chris-medical-services.ch\/de\/produit\/zoll-cpr-d-padz-elektroden-fuer-erwachsene-kompatibel-mit-aed-zoll-plus\/","title":{"rendered":"ZOLL CPR-D-padz Elektroden f\u00fcr Erwachsene - kompatibel mit AED ZOLL Plus"},"content":{"rendered":"<p><span data-contrast=\"auto\">Die CPR-D-padz Elektroden von ZOLL wurden f\u00fcr die optimale Behandlung von erwachsenen Patienten mit Herzstillstand entwickelt, indem sie Defibrillation und aktive Unterst\u00fctzung bei der kardiopulmonalen Reanimation kombinieren. Das einteilige Design erm\u00f6glicht eine schnelle und intuitive Anbringung und verk\u00fcrzt die Zeit, die in kritischen Situationen ben\u00f6tigt wird. <\/span><span data-ccp-props=\"{}\"> <\/span><\/p>\n<p><span data-contrast=\"auto\">Mit ihrer CPR-Feedback-Technologie liefern die CPR-D-padz pr\u00e4zise Angaben \u00fcber die Tiefe und Frequenz der Herzdruckmassage und helfen so den Helfern, die Qualit\u00e4t der Herzdruckmassage gem\u00e4\u00df den Empfehlungen aufrechtzuerhalten. Diese Funktion tr\u00e4gt zur Verbesserung der Gesamteffektivit\u00e4t der Behandlung bei und unterst\u00fctzt die Helfer w\u00e4hrend des gesamten Einsatzes. <\/span><span data-ccp-props=\"{}\"> <\/span><\/p>\n<p><span data-contrast=\"auto\">Die Elektroden werden mit einem integrierten Notfallset geliefert und verwenden einen gr\u00fcnen Stecker (Green Connector), der eine direkte Kompatibilit\u00e4t mit den Defibrillatoren ZOLL AED Plus und AED Pro gew\u00e4hrleistet. Sie sind f\u00fcr den einmaligen Gebrauch bestimmt und garantieren optimale Hygiene und maximale Sicherheit f\u00fcr den Patienten. <\/span><span data-ccp-props=\"{}\"> <\/span><\/p>\n<p><span data-contrast=\"auto\">Mit einer Haltbarkeit von f\u00fcnf Jahren ab Produktion sind die CPR-D-padz eine zuverl\u00e4ssige und langlebige L\u00f6sung, die sich besonders f\u00fcr Notfalleins\u00e4tze und Ersthelfer eignet, die ein leistungsf\u00e4higes, einfach zu bedienendes und sofort einsatzbereites Ger\u00e4t ben\u00f6tigen.<\/span><span data-ccp-props=\"{}\"> <\/span><\/p>\n","protected":false},"excerpt":{"rendered":"<p><span class=\"TextRun SCXW236685657 BCX0\" lang=\"FR-CH\" data-contrast=\"auto\" xml:lang=\"FR-CH\"><span class=\"NormalTextRun SCXW236685657 BCX0\">Die Elektroden CPR-D-.<\/span><span class=\"NormalTextRun SpellingErrorV2Themed SCXW236685657 BCX0\">padz<\/span><span class=\"NormalTextRun SCXW236685657 BCX0\"> ZOLL Elektroden f\u00fcr Erwachsene erm\u00f6glichen eine schnelle und effektive Defibrillation mit Echtzeit-Feedback \u00fcber die Qualit\u00e4t der kardiopulmonalen Reanimation (CPR), um den Einsatzkr\u00e4ften in Notfallsituationen zu helfen.<\/span><\/span><span class=\"EOP SCXW236685657 BCX0\" data-ccp-props=\"{}\"> <\/span><\/p>\n","protected":false},"featured_media":3856,"comment_status":"closed","ping_status":"closed","template":"","meta":{"_acf_changed":false},"product_brand":[],"product_cat":[97],"product_tag":[],"class_list":{"0":"post-3854","1":"product","2":"type-product","3":"status-publish","4":"has-post-thumbnail","6":"product_cat-derivate","8":"first","9":"instock","10":"shipping-taxable","11":"product-type-simple"},"acf":[],"_links":{"self":[{"href":"https:\/\/chris-medical-services.ch\/de\/wp-json\/wp\/v2\/product\/3854","targetHints":{"allow":["GET"]}}],"collection":[{"href":"https:\/\/chris-medical-services.ch\/de\/wp-json\/wp\/v2\/product"}],"about":[{"href":"https:\/\/chris-medical-services.ch\/de\/wp-json\/wp\/v2\/types\/product"}],"replies":[{"embeddable":true,"href":"https:\/\/chris-medical-services.ch\/de\/wp-json\/wp\/v2\/comments?post=3854"}],"wp:featuredmedia":[{"embeddable":true,"href":"https:\/\/chris-medical-services.ch\/de\/wp-json\/wp\/v2\/media\/3856"}],"wp:attachment":[{"href":"https:\/\/chris-medical-services.ch\/de\/wp-json\/wp\/v2\/media?parent=3854"}],"wp:term":[{"taxonomy":"product_brand","embeddable":true,"href":"https:\/\/chris-medical-services.ch\/de\/wp-json\/wp\/v2\/product_brand?post=3854"},{"taxonomy":"product_cat","embeddable":true,"href":"https:\/\/chris-medical-services.ch\/de\/wp-json\/wp\/v2\/product_cat?post=3854"},{"taxonomy":"product_tag","embeddable":true,"href":"https:\/\/chris-medical-services.ch\/de\/wp-json\/wp\/v2\/product_tag?post=3854"}],"curies":[{"name":"wp","href":"https:\/\/api.w.org\/{rel}","templated":true}]}}