{"id":3857,"date":"2026-01-22T08:24:21","date_gmt":"2026-01-22T08:24:21","guid":{"rendered":"https:\/\/chris-medical-services.ch\/produit\/lithiumbatterie-aed-3\/"},"modified":"2026-01-22T08:24:21","modified_gmt":"2026-01-22T08:24:21","slug":"lithiumbatterie-aed-3","status":"publish","type":"product","link":"https:\/\/chris-medical-services.ch\/de\/produit\/lithiumbatterie-aed-3\/","title":{"rendered":"Lithiumbatterie AED 3"},"content":{"rendered":"<p><span class=\"TextRun SCXW182862792 BCX0\" lang=\"FR-CH\" data-contrast=\"auto\"><span class=\"NormalTextRun SCXW182862792 BCX0\">Nicht wiederaufladbare Lithiumbatterie f\u00fcr die Defibrillatoren ZOLL AED 3 und AED 3 BLS.<\/span><\/span><span class=\"LineBreakBlob BlobObject DragDrop SCXW182862792 BCX0\"><span class=\"SCXW182862792 BCX0\"> <\/span><br class=\"SCXW182862792 BCX0\"><\/span><span class=\"TextRun SCXW182862792 BCX0\" lang=\"FR-CH\" data-contrast=\"auto\"><span class=\"NormalTextRun SCXW182862792 BCX0\">Lebensdauer von ca. 3-5 Jahren, je nach Nutzung und Einstellungen, ideal f\u00fcr die st\u00e4ndige Verf\u00fcgbarkeit des Defibrillators.<\/span><span class=\"NormalTextRun SCXW182862792 BCX0\">.<\/span><\/span><span class=\"EOP SCXW182862792 BCX0\" data-ccp-props=\"{}\"> <\/span><\/p>\n","protected":false},"excerpt":{"rendered":"<p><span class=\"TextRun SCXW49097318 BCX0\" lang=\"FR-CH\" data-contrast=\"auto\" xml:lang=\"FR-CH\"><span class=\"NormalTextRun SCXW49097318 BCX0\">Nicht wiederaufladbare Lithium-Batterie f\u00fcr ZOLL AED 3 \/ AED 3 BLS - lange Betriebsdauer (3 bis 5 Jahre).<\/span><\/span><span class=\"EOP SCXW49097318 BCX0\" data-ccp-props=\"{}\"> <\/span><\/p>\n","protected":false},"featured_media":3859,"comment_status":"closed","ping_status":"closed","template":"","meta":{"_acf_changed":false},"product_brand":[],"product_cat":[97],"product_tag":[],"class_list":{"0":"post-3857","1":"product","2":"type-product","3":"status-publish","4":"has-post-thumbnail","6":"product_cat-derivate","8":"first","9":"instock","10":"shipping-taxable","11":"product-type-simple"},"acf":[],"_links":{"self":[{"href":"https:\/\/chris-medical-services.ch\/de\/wp-json\/wp\/v2\/product\/3857","targetHints":{"allow":["GET"]}}],"collection":[{"href":"https:\/\/chris-medical-services.ch\/de\/wp-json\/wp\/v2\/product"}],"about":[{"href":"https:\/\/chris-medical-services.ch\/de\/wp-json\/wp\/v2\/types\/product"}],"replies":[{"embeddable":true,"href":"https:\/\/chris-medical-services.ch\/de\/wp-json\/wp\/v2\/comments?post=3857"}],"wp:featuredmedia":[{"embeddable":true,"href":"https:\/\/chris-medical-services.ch\/de\/wp-json\/wp\/v2\/media\/3859"}],"wp:attachment":[{"href":"https:\/\/chris-medical-services.ch\/de\/wp-json\/wp\/v2\/media?parent=3857"}],"wp:term":[{"taxonomy":"product_brand","embeddable":true,"href":"https:\/\/chris-medical-services.ch\/de\/wp-json\/wp\/v2\/product_brand?post=3857"},{"taxonomy":"product_cat","embeddable":true,"href":"https:\/\/chris-medical-services.ch\/de\/wp-json\/wp\/v2\/product_cat?post=3857"},{"taxonomy":"product_tag","embeddable":true,"href":"https:\/\/chris-medical-services.ch\/de\/wp-json\/wp\/v2\/product_tag?post=3857"}],"curies":[{"name":"wp","href":"https:\/\/api.w.org\/{rel}","templated":true}]}}