{"id":3891,"date":"2026-01-26T17:04:05","date_gmt":"2026-01-26T17:04:05","guid":{"rendered":"https:\/\/chris-medical-services.ch\/produit\/aed-signalaufkleber\/"},"modified":"2026-01-26T17:04:05","modified_gmt":"2026-01-26T17:04:05","slug":"aed-signalaufkleber","status":"publish","type":"product","link":"https:\/\/chris-medical-services.ch\/de\/produit\/aed-signalaufkleber\/","title":{"rendered":"AED-Signalaufkleber"},"content":{"rendered":"<p style=\"text-align: left;\"><span data-contrast=\"auto\">Der AED-Aufkleber ist eine einfache und effektive L\u00f6sung, um das Vorhandensein eines automatisierten externen Defibrillators (AED) in Unternehmen und an Orten mit Publikumsverkehr anzuzeigen.<\/span><span data-ccp-props=\"{}\"> <\/span><\/p>\n<p style=\"text-align: left;\"><span data-contrast=\"auto\">Es hat das standardisierte, sofort erkennbare gr\u00fcn-wei\u00dfe AED-Logo mit einer reflektierenden Oberfl\u00e4che, die eine ausgezeichnete Sichtbarkeit auch bei schlechten Lichtverh\u00e4ltnissen gew\u00e4hrleistet. Das Format 20 \u00d7 20 cm erm\u00f6glicht eine klare Lesbarkeit aus der Entfernung. <\/span><span data-ccp-props=\"{}\"> <\/span><\/p>\n<p style=\"text-align: left;\"><span data-contrast=\"auto\">Dank seiner selbstklebenden R\u00fcckseite ist er leicht anzubringen und kann auf den meisten glatten Oberfl\u00e4chen (T\u00fcren, W\u00e4nde, Vitrinen, Schr\u00e4nke) angebracht werden. Dieser Aufkleber ist eine ideale Erg\u00e4nzung zu Schildern und Wandk\u00e4sten, um die Kennzeichnung und Zug\u00e4nglichkeit von Defibrillatoren in professionellen und \u00f6ffentlichen Umgebungen zu verbessern. <\/span><span data-ccp-props=\"{}\"> <\/span><\/p>\n","protected":false},"excerpt":{"rendered":"<p style=\"text-align: left;\"><span class=\"TextRun SCXW227351662 BCX0\" lang=\"FR-CH\" xml:lang=\"FR-CH\" data-contrast=\"auto\"><span class=\"NormalTextRun SCXW227351662 BCX0\">Gr\u00fcn\/wei\u00dfer, reflektierender Aufkleber mit standardisiertem <span data-contrast=\"auto\">AED-Logo <\/span>zur deutlichen Kennzeichnung des Standortes eines Defibrillators. Format 20 \u00d7 20 cm, schnelle Anbringung auf glatten Oberfl\u00e4chen. <\/span><\/span><\/p>\n","protected":false},"featured_media":3896,"comment_status":"closed","ping_status":"closed","template":"","meta":{"_acf_changed":false},"product_brand":[],"product_cat":[97],"product_tag":[],"class_list":{"0":"post-3891","1":"product","2":"type-product","3":"status-publish","4":"has-post-thumbnail","6":"product_cat-derivate","8":"first","9":"instock","10":"shipping-taxable","11":"product-type-simple"},"acf":[],"_links":{"self":[{"href":"https:\/\/chris-medical-services.ch\/de\/wp-json\/wp\/v2\/product\/3891","targetHints":{"allow":["GET"]}}],"collection":[{"href":"https:\/\/chris-medical-services.ch\/de\/wp-json\/wp\/v2\/product"}],"about":[{"href":"https:\/\/chris-medical-services.ch\/de\/wp-json\/wp\/v2\/types\/product"}],"replies":[{"embeddable":true,"href":"https:\/\/chris-medical-services.ch\/de\/wp-json\/wp\/v2\/comments?post=3891"}],"wp:featuredmedia":[{"embeddable":true,"href":"https:\/\/chris-medical-services.ch\/de\/wp-json\/wp\/v2\/media\/3896"}],"wp:attachment":[{"href":"https:\/\/chris-medical-services.ch\/de\/wp-json\/wp\/v2\/media?parent=3891"}],"wp:term":[{"taxonomy":"product_brand","embeddable":true,"href":"https:\/\/chris-medical-services.ch\/de\/wp-json\/wp\/v2\/product_brand?post=3891"},{"taxonomy":"product_cat","embeddable":true,"href":"https:\/\/chris-medical-services.ch\/de\/wp-json\/wp\/v2\/product_cat?post=3891"},{"taxonomy":"product_tag","embeddable":true,"href":"https:\/\/chris-medical-services.ch\/de\/wp-json\/wp\/v2\/product_tag?post=3891"}],"curies":[{"name":"wp","href":"https:\/\/api.w.org\/{rel}","templated":true}]}}