{"id":3909,"date":"2026-01-26T17:01:38","date_gmt":"2026-01-26T17:01:38","guid":{"rendered":"https:\/\/chris-medical-services.ch\/produit\/compactcase-wandgehaeuse-gruen-innenbereich\/"},"modified":"2026-01-26T17:01:38","modified_gmt":"2026-01-26T17:01:38","slug":"compactcase-wandgehaeuse-gruen-innenbereich","status":"publish","type":"product","link":"https:\/\/chris-medical-services.ch\/de\/produit\/compactcase-wandgehaeuse-gruen-innenbereich\/","title":{"rendered":"CompactCase Wandgeh\u00e4use gr\u00fcn - Innenbereich"},"content":{"rendered":"<p><span data-contrast=\"auto\">Der gr\u00fcne CompactCase wurde f\u00fcr die sichere Aufbewahrung von automatisierten externen Defibrillatoren (AED) in Innenr\u00e4umen entwickelt. Es ist robust und dank seiner standardisierten gr\u00fcnen Farbe gut sichtbar, so dass der Defibrillator im Notfall schnell gefunden werden kann. <\/span><span data-ccp-props=\"{}\"> <\/span><\/p>\n<p><span data-contrast=\"auto\">Diese Kassette ist aus Stahl gefertigt und bietet einen ausgezeichneten Schutz gegen St\u00f6\u00dfe und unbefugte Benutzung. Er ist mit einem eingebauten akustischen Alarm ausgestattet, der beim \u00d6ffnen ausgel\u00f6st wird, um die Umgebung zu alarmieren und vor Missbrauch abzuschrecken. Der Alarm wird mit 3 Batterien des Typs AG13 betrieben (nicht im Lieferumfang enthalten).  <\/span><span data-ccp-props=\"{}\"> <\/span><\/p>\n<p><span data-contrast=\"auto\">Mit seinen kompakten Abmessungen von ca. 38 \u00d7 38 \u00d7 20 cm passt das CompactCase problemlos in Unternehmen, Beh\u00f6rden, \u00f6ffentliche Einrichtungen, Krankenh\u00e4user oder Industrieanlagen. Es ist mit einer Vielzahl von Modellen kompatibel. <\/span><span data-ccp-props=\"{}\"> <\/span><\/p>\n","protected":false},"excerpt":{"rendered":"<p><span class=\"TextRun SCXW255782517 BCX0\" lang=\"FR-CH\" data-contrast=\"auto\" xml:lang=\"FR-CH\"><span class=\"NormalTextRun SCXW255782517 BCX0\">Wandschrank aus Stahl mit integriertem akustischem Alarm f\u00fcr die sichere Aufbewahrung von Defibrillatoren in Innenr\u00e4umen. Ideal f\u00fcr Unternehmen und \u00f6ffentliche Einrichtungen. <\/span><\/span><\/p>\n","protected":false},"featured_media":3911,"comment_status":"closed","ping_status":"closed","template":"","meta":{"_acf_changed":false},"product_brand":[],"product_cat":[97],"product_tag":[],"class_list":{"0":"post-3909","1":"product","2":"type-product","3":"status-publish","4":"has-post-thumbnail","6":"product_cat-derivate","8":"first","9":"instock","10":"shipping-taxable","11":"product-type-simple"},"acf":[],"_links":{"self":[{"href":"https:\/\/chris-medical-services.ch\/de\/wp-json\/wp\/v2\/product\/3909","targetHints":{"allow":["GET"]}}],"collection":[{"href":"https:\/\/chris-medical-services.ch\/de\/wp-json\/wp\/v2\/product"}],"about":[{"href":"https:\/\/chris-medical-services.ch\/de\/wp-json\/wp\/v2\/types\/product"}],"replies":[{"embeddable":true,"href":"https:\/\/chris-medical-services.ch\/de\/wp-json\/wp\/v2\/comments?post=3909"}],"wp:featuredmedia":[{"embeddable":true,"href":"https:\/\/chris-medical-services.ch\/de\/wp-json\/wp\/v2\/media\/3911"}],"wp:attachment":[{"href":"https:\/\/chris-medical-services.ch\/de\/wp-json\/wp\/v2\/media?parent=3909"}],"wp:term":[{"taxonomy":"product_brand","embeddable":true,"href":"https:\/\/chris-medical-services.ch\/de\/wp-json\/wp\/v2\/product_brand?post=3909"},{"taxonomy":"product_cat","embeddable":true,"href":"https:\/\/chris-medical-services.ch\/de\/wp-json\/wp\/v2\/product_cat?post=3909"},{"taxonomy":"product_tag","embeddable":true,"href":"https:\/\/chris-medical-services.ch\/de\/wp-json\/wp\/v2\/product_tag?post=3909"}],"curies":[{"name":"wp","href":"https:\/\/api.w.org\/{rel}","templated":true}]}}