{"id":3913,"date":"2026-02-11T10:14:06","date_gmt":"2026-02-11T10:14:06","guid":{"rendered":"https:\/\/chris-medical-services.ch\/produit\/erste-hilfe-kasten-modul-sport\/"},"modified":"2026-02-11T10:14:06","modified_gmt":"2026-02-11T10:14:06","slug":"erste-hilfe-kasten-modul-sport","status":"publish","type":"product","link":"https:\/\/chris-medical-services.ch\/de\/produit\/erste-hilfe-kasten-modul-sport\/","title":{"rendered":"Erste-Hilfe-Kasten - Modul Sport"},"content":{"rendered":"<p><strong data-start=\"132\" data-end=\"222\">F\u00fcr Sportumgebungen und Einrichtungen, die k\u00f6rperliche Aktivit\u00e4ten anbieten.<\/strong><\/p>\n<p>Dieses Nachf\u00fcllpaket wurde f\u00fcr Sportvereine, Sporthallen, Schulen, Verb\u00e4nde und Freizeitaktivit\u00e4ten entwickelt und erm\u00f6glicht die Erneuerung der wichtigsten Verbrauchsmaterialien, die in den Erste-Hilfe-K\u00e4sten f\u00fcr den Sportbereich verwendet werden. Sie gilt f\u00fcr Konfigurationen, die aus einem <strong data-start=\"511\" data-end=\"581\">Standard-Verbandskasten<\/strong> bestehen, der <strong data-start=\"511\" data-end=\"581\">durch das Modul Sport erg\u00e4nzt<\/strong> wird, das speziell f\u00fcr die Bed\u00fcrfnisse von Sportlern entwickelt wurde. <\/p>\n<p>Es enth\u00e4lt die notwendigen Elemente, um h\u00e4ufige Zwischenf\u00e4lle beim Training und bei Wettk\u00e4mpfen wie <strong data-start=\"788\" data-end=\"865\">St\u00f6\u00dfe, Prellungen, Verstauchungen, kleine Schnitte oder oberfl\u00e4chliche Verletzungen<\/strong> zu behandeln und erm\u00f6glicht eine <strong data-start=\"890\" data-end=\"957\">schnelle Behandlung von Zwischenf\u00e4llen im Zusammenhang mit k\u00f6rperlicher Aktivit\u00e4t<\/strong>.<\/p>\n<p>Die Nachbestellung gew\u00e4hrleistet die st\u00e4ndige Verf\u00fcgbarkeit von Produkten, die f\u00fcr eine wirksame Intervention erforderlich sind, einschlie\u00dflich <strong data-start=\"1102\" data-end=\"1184\">K\u00fchlung, Unterst\u00fctzung der Gelenke und Behandlung kleinerer Blutungen<\/strong>.<\/p>\n<p>Eine praktische L\u00f6sung, um Ihren Erste-Hilfe-Kasten einsatzbereit zu halten und es den <strong data-start=\"1281\" data-end=\"1382\">Betreuern, Trainern und Aktivit\u00e4tsleitern<\/strong> zu erm\u00f6glichen, im Falle eines Zwischenfalls <strong data-start=\"1281\" data-end=\"1382\">schnell und sicher zu reagieren<\/strong>.<\/p>\n","protected":false},"excerpt":{"rendered":"<p>Nachf\u00fcllpackung f\u00fcr Standard-Verbandsk\u00e4sten, die mit dem <strong data-start=\"613\" data-end=\"629\">Sportmodul<\/strong> ausgestattet sind. Es dient zur Auffrischung der Verbrauchsmaterialien f\u00fcr die schnelle Behandlung von <strong data-start=\"713\" data-end=\"772\">St\u00f6\u00dfen, Prellungen, Verstauchungen und oberfl\u00e4chlichen Verletzungen<\/strong> bei sportlicher Bet\u00e4tigung. <\/p>\n","protected":false},"featured_media":3915,"comment_status":"closed","ping_status":"closed","template":"","meta":{"_acf_changed":false},"product_brand":[],"product_cat":[93],"product_tag":[],"class_list":{"0":"post-3913","1":"product","2":"type-product","3":"status-publish","4":"has-post-thumbnail","6":"product_cat-nachschub","8":"first","9":"instock","10":"shipping-taxable","11":"purchasable","12":"product-type-simple"},"acf":[],"_links":{"self":[{"href":"https:\/\/chris-medical-services.ch\/de\/wp-json\/wp\/v2\/product\/3913","targetHints":{"allow":["GET"]}}],"collection":[{"href":"https:\/\/chris-medical-services.ch\/de\/wp-json\/wp\/v2\/product"}],"about":[{"href":"https:\/\/chris-medical-services.ch\/de\/wp-json\/wp\/v2\/types\/product"}],"replies":[{"embeddable":true,"href":"https:\/\/chris-medical-services.ch\/de\/wp-json\/wp\/v2\/comments?post=3913"}],"wp:featuredmedia":[{"embeddable":true,"href":"https:\/\/chris-medical-services.ch\/de\/wp-json\/wp\/v2\/media\/3915"}],"wp:attachment":[{"href":"https:\/\/chris-medical-services.ch\/de\/wp-json\/wp\/v2\/media?parent=3913"}],"wp:term":[{"taxonomy":"product_brand","embeddable":true,"href":"https:\/\/chris-medical-services.ch\/de\/wp-json\/wp\/v2\/product_brand?post=3913"},{"taxonomy":"product_cat","embeddable":true,"href":"https:\/\/chris-medical-services.ch\/de\/wp-json\/wp\/v2\/product_cat?post=3913"},{"taxonomy":"product_tag","embeddable":true,"href":"https:\/\/chris-medical-services.ch\/de\/wp-json\/wp\/v2\/product_tag?post=3913"}],"curies":[{"name":"wp","href":"https:\/\/api.w.org\/{rel}","templated":true}]}}