{"id":3925,"date":"2026-01-26T17:05:11","date_gmt":"2026-01-26T17:05:11","guid":{"rendered":"https:\/\/chris-medical-services.ch\/produit\/aed-panel\/"},"modified":"2026-01-26T17:05:11","modified_gmt":"2026-01-26T17:05:11","slug":"aed-panel","status":"publish","type":"product","link":"https:\/\/chris-medical-services.ch\/de\/produit\/aed-panel\/","title":{"rendered":"AED-Panel"},"content":{"rendered":"<p><span data-contrast=\"auto\">Das AED-Schild ist ein wesentliches Element der Beschilderung, um im Notfall schnell einen automatisierten externen Defibrillator (AED) zu finden.<\/span><span data-ccp-props=\"{}\"> <\/span><\/p>\n<p><span data-contrast=\"auto\">Es hat das standardisierte, sofort erkennbare gr\u00fcn-wei\u00dfe AED-Logo mit einer reflektierenden Oberfl\u00e4che, die eine hervorragende Sichtbarkeit auch bei schlechten Lichtverh\u00e4ltnissen gew\u00e4hrleistet. Das Format 20 \u00d7 20 cm erm\u00f6glicht ein klares Ablesen aus der Entfernung, ohne den Raum zu blockieren. <\/span><span data-ccp-props=\"{}\"> <\/span><\/p>\n<p><span data-contrast=\"auto\">Dieses robuste und langlebige Schild aus Aluminium eignet sich f\u00fcr die Installation im Innenbereich von Unternehmen, \u00f6ffentlichen Einrichtungen, Beh\u00f6rden und gewerblichen Einrichtungen. Es ist eine effektive Erg\u00e4nzung zu Wandk\u00e4sten und anderen Schildern, um den Zugang zu den Defibrillatoren zu verbessern. <\/span><span data-ccp-props=\"{}\"> <\/span><\/p>\n","protected":false},"excerpt":{"rendered":"<p><span class=\"TextRun SCXW12501369 BCX0\" lang=\"FR-CH\" data-contrast=\"auto\" xml:lang=\"FR-CH\"><span class=\"NormalTextRun SCXW12501369 BCX0\">Reflektierendes gr\u00fcn\/wei\u00dfes Schild mit standardisiertem <span data-contrast=\"auto\">AED-Logo <\/span>, um den Standort eines Defibrillators deutlich anzuzeigen. Aus Aluminium, Format 20 \u00d7 20 cm, ideal f\u00fcr Unternehmen und Orte mit Publikumsverkehr. <\/span><\/span><\/p>\n","protected":false},"featured_media":3896,"comment_status":"closed","ping_status":"closed","template":"","meta":{"_acf_changed":false},"product_brand":[],"product_cat":[97],"product_tag":[],"class_list":{"0":"post-3925","1":"product","2":"type-product","3":"status-publish","4":"has-post-thumbnail","6":"product_cat-derivate","8":"first","9":"instock","10":"shipping-taxable","11":"product-type-simple"},"acf":[],"_links":{"self":[{"href":"https:\/\/chris-medical-services.ch\/de\/wp-json\/wp\/v2\/product\/3925","targetHints":{"allow":["GET"]}}],"collection":[{"href":"https:\/\/chris-medical-services.ch\/de\/wp-json\/wp\/v2\/product"}],"about":[{"href":"https:\/\/chris-medical-services.ch\/de\/wp-json\/wp\/v2\/types\/product"}],"replies":[{"embeddable":true,"href":"https:\/\/chris-medical-services.ch\/de\/wp-json\/wp\/v2\/comments?post=3925"}],"wp:featuredmedia":[{"embeddable":true,"href":"https:\/\/chris-medical-services.ch\/de\/wp-json\/wp\/v2\/media\/3896"}],"wp:attachment":[{"href":"https:\/\/chris-medical-services.ch\/de\/wp-json\/wp\/v2\/media?parent=3925"}],"wp:term":[{"taxonomy":"product_brand","embeddable":true,"href":"https:\/\/chris-medical-services.ch\/de\/wp-json\/wp\/v2\/product_brand?post=3925"},{"taxonomy":"product_cat","embeddable":true,"href":"https:\/\/chris-medical-services.ch\/de\/wp-json\/wp\/v2\/product_cat?post=3925"},{"taxonomy":"product_tag","embeddable":true,"href":"https:\/\/chris-medical-services.ch\/de\/wp-json\/wp\/v2\/product_tag?post=3925"}],"curies":[{"name":"wp","href":"https:\/\/api.w.org\/{rel}","templated":true}]}}