{"id":3932,"date":"2026-01-26T17:05:53","date_gmt":"2026-01-26T17:05:53","guid":{"rendered":"https:\/\/chris-medical-services.ch\/produit\/aed-flaggenpanel\/"},"modified":"2026-01-26T17:05:53","modified_gmt":"2026-01-26T17:05:53","slug":"aed-flaggenpanel","status":"publish","type":"product","link":"https:\/\/chris-medical-services.ch\/de\/produit\/aed-flaggenpanel\/","title":{"rendered":"AED Flaggenpanel"},"content":{"rendered":"<p><span data-contrast=\"auto\">Das AED-Flaggenschild ist ein wichtiges Schilderelement, um im Notfall schnell einen automatisierten externen Defibrillator (AED) zu finden. Es enth\u00e4lt das standardisierte gr\u00fcn-wei\u00dfe AED-Logo, das den internationalen Schildercodes entspricht. <\/span><span data-ccp-props=\"{}\"> <\/span><\/p>\n<p><span data-contrast=\"auto\">Dieses Schild ist aus Aluminium mit einer reflektierenden Oberfl\u00e4che gefertigt und garantiert auch bei schlechten Lichtverh\u00e4ltnissen eine hervorragende Sichtbarkeit. Das Format 20 \u00d7 20 cm erm\u00f6glicht eine einfache Anbringung an W\u00e4nden, Fluren oder Durchgangsbereichen. <\/span><span data-ccp-props=\"{}\"> <\/span><\/p>\n<p><span data-contrast=\"auto\">Dieses Schild ist f\u00fcr Unternehmen, \u00f6ffentliche Einrichtungen und Ersthelferteams geeignet und verbessert die Zug\u00e4nglichkeit des Defibrillators und tr\u00e4gt zu einer besseren Behandlung von Herznotf\u00e4llen bei.<\/span><span data-ccp-props=\"{}\"> <\/span><\/p>\n","protected":false},"excerpt":{"rendered":"<p><span class=\"TextRun SCXW19379326 BCX0\" lang=\"FR-CH\" data-contrast=\"auto\" xml:lang=\"FR-CH\"><span class=\"NormalTextRun SCXW19379326 BCX0\">Reflektierendes gr\u00fcn\/wei\u00dfes Schild, das den Standort eines Defibrillators deutlich anzeigt. Kompaktes Format 20 \u00d7 20 cm, aus Aluminium, ideal f\u00fcr Unternehmen und Orte mit Publikumsverkehr. <\/span><\/span><\/p>\n","protected":false},"featured_media":3936,"comment_status":"closed","ping_status":"closed","template":"","meta":{"_acf_changed":false},"product_brand":[],"product_cat":[97],"product_tag":[],"class_list":{"0":"post-3932","1":"product","2":"type-product","3":"status-publish","4":"has-post-thumbnail","6":"product_cat-derivate","8":"first","9":"instock","10":"shipping-taxable","11":"product-type-simple"},"acf":[],"_links":{"self":[{"href":"https:\/\/chris-medical-services.ch\/de\/wp-json\/wp\/v2\/product\/3932","targetHints":{"allow":["GET"]}}],"collection":[{"href":"https:\/\/chris-medical-services.ch\/de\/wp-json\/wp\/v2\/product"}],"about":[{"href":"https:\/\/chris-medical-services.ch\/de\/wp-json\/wp\/v2\/types\/product"}],"replies":[{"embeddable":true,"href":"https:\/\/chris-medical-services.ch\/de\/wp-json\/wp\/v2\/comments?post=3932"}],"wp:featuredmedia":[{"embeddable":true,"href":"https:\/\/chris-medical-services.ch\/de\/wp-json\/wp\/v2\/media\/3936"}],"wp:attachment":[{"href":"https:\/\/chris-medical-services.ch\/de\/wp-json\/wp\/v2\/media?parent=3932"}],"wp:term":[{"taxonomy":"product_brand","embeddable":true,"href":"https:\/\/chris-medical-services.ch\/de\/wp-json\/wp\/v2\/product_brand?post=3932"},{"taxonomy":"product_cat","embeddable":true,"href":"https:\/\/chris-medical-services.ch\/de\/wp-json\/wp\/v2\/product_cat?post=3932"},{"taxonomy":"product_tag","embeddable":true,"href":"https:\/\/chris-medical-services.ch\/de\/wp-json\/wp\/v2\/product_tag?post=3932"}],"curies":[{"name":"wp","href":"https:\/\/api.w.org\/{rel}","templated":true}]}}