{"id":3947,"date":"2026-02-12T01:17:53","date_gmt":"2026-02-12T01:17:53","guid":{"rendered":"https:\/\/chris-medical-services.ch\/produit\/arnika-gel\/"},"modified":"2026-02-12T01:17:53","modified_gmt":"2026-02-12T01:17:53","slug":"arnika-gel","status":"publish","type":"product","link":"https:\/\/chris-medical-services.ch\/de\/produit\/arnika-gel\/","title":{"rendered":"Arnika-Gel"},"content":{"rendered":"<p><span class=\"TextRun SCXW100429474 BCX0\" lang=\"FR-CH\" data-contrast=\"auto\" xml:lang=\"FR-CH\"><span class=\"NormalTextRun SCXW100429474 BCX0\">Beruhigendes Gel auf Arnikabasis, das zur Linderung von St\u00f6\u00dfen, Prellungen und leichten Muskelschmerzen verwendet wird.<\/span><\/span><span class=\"LineBreakBlob BlobObject DragDrop SCXW100429474 BCX0\"><span class=\"SCXW100429474 BCX0\"> <\/span><br class=\"SCXW100429474 BCX0\"><\/span><span class=\"TextRun SCXW100429474 BCX0\" lang=\"FR-CH\" data-contrast=\"auto\" xml:lang=\"FR-CH\"><span class=\"NormalTextRun SCXW100429474 BCX0\">Besonders geeignet f\u00fcr sportliche Umgebungen und allt\u00e4gliche Vorf\u00e4lle.<\/span><\/span><span class=\"EOP SCXW100429474 BCX0\" data-ccp-props=\"{}\"> <\/span><\/p>\n","protected":false},"excerpt":{"rendered":"<p><span class=\"TextRun SCXW100429474 BCX0\" lang=\"FR-CH\" data-contrast=\"auto\" xml:lang=\"FR-CH\"><span class=\"NormalTextRun SCXW100429474 BCX0\">Beruhigendes Gel auf Arnikabasis, das zur Linderung von St\u00f6\u00dfen, Prellungen und leichten Muskelschmerzen verwendet wird.<\/span><\/span><span class=\"LineBreakBlob BlobObject DragDrop SCXW100429474 BCX0\"><span class=\"SCXW100429474 BCX0\"> <\/span><br class=\"SCXW100429474 BCX0\"><\/span><span class=\"TextRun SCXW100429474 BCX0\" lang=\"FR-CH\" data-contrast=\"auto\" xml:lang=\"FR-CH\"><span class=\"NormalTextRun SCXW100429474 BCX0\">Besonders geeignet f\u00fcr sportliche Umgebungen und allt\u00e4gliche Vorf\u00e4lle.<\/span><\/span><span class=\"EOP SCXW100429474 BCX0\" data-ccp-props=\"{}\"> <\/span><\/p>\n","protected":false},"featured_media":3949,"comment_status":"closed","ping_status":"closed","template":"","meta":{"_acf_changed":false},"product_brand":[],"product_cat":[93],"product_tag":[],"class_list":{"0":"post-3947","1":"product","2":"type-product","3":"status-publish","4":"has-post-thumbnail","6":"product_cat-nachschub","8":"first","9":"instock","10":"shipping-taxable","11":"purchasable","12":"product-type-simple"},"acf":[],"_links":{"self":[{"href":"https:\/\/chris-medical-services.ch\/de\/wp-json\/wp\/v2\/product\/3947","targetHints":{"allow":["GET"]}}],"collection":[{"href":"https:\/\/chris-medical-services.ch\/de\/wp-json\/wp\/v2\/product"}],"about":[{"href":"https:\/\/chris-medical-services.ch\/de\/wp-json\/wp\/v2\/types\/product"}],"replies":[{"embeddable":true,"href":"https:\/\/chris-medical-services.ch\/de\/wp-json\/wp\/v2\/comments?post=3947"}],"wp:featuredmedia":[{"embeddable":true,"href":"https:\/\/chris-medical-services.ch\/de\/wp-json\/wp\/v2\/media\/3949"}],"wp:attachment":[{"href":"https:\/\/chris-medical-services.ch\/de\/wp-json\/wp\/v2\/media?parent=3947"}],"wp:term":[{"taxonomy":"product_brand","embeddable":true,"href":"https:\/\/chris-medical-services.ch\/de\/wp-json\/wp\/v2\/product_brand?post=3947"},{"taxonomy":"product_cat","embeddable":true,"href":"https:\/\/chris-medical-services.ch\/de\/wp-json\/wp\/v2\/product_cat?post=3947"},{"taxonomy":"product_tag","embeddable":true,"href":"https:\/\/chris-medical-services.ch\/de\/wp-json\/wp\/v2\/product_tag?post=3947"}],"curies":[{"name":"wp","href":"https:\/\/api.w.org\/{rel}","templated":true}]}}