{"id":3994,"date":"2026-02-11T09:17:51","date_gmt":"2026-02-11T09:17:51","guid":{"rendered":"https:\/\/chris-medical-services.ch\/produit\/erste-hilfe-kasten-modul-gastronomie\/"},"modified":"2026-02-11T09:17:51","modified_gmt":"2026-02-11T09:17:51","slug":"erste-hilfe-kasten-modul-gastronomie","status":"publish","type":"product","link":"https:\/\/chris-medical-services.ch\/de\/produit\/erste-hilfe-kasten-modul-gastronomie\/","title":{"rendered":"Erste-Hilfe-Kasten - Modul Gastronomie"},"content":{"rendered":"<p data-start=\"1197\" data-end=\"1416\">Diese Konfiguration wurde f\u00fcr <strong data-start=\"1213\" data-end=\"1283\">Gro\u00dfk\u00fcchen, Hotels und Restaurants<\/strong> entwickelt und erg\u00e4nzt den Standard-Verbandskasten um ein <strong data-start=\"1362\" data-end=\"1415\">Modul, das speziell f\u00fcr den Einsatz in Lebensmittelumgebungen<\/strong> entwickelt wurde.<\/p>\n<p data-start=\"1418\" data-end=\"1633\">Sie erm\u00f6glicht eine effektive Reaktion auf h\u00e4ufige Vorf\u00e4lle in der K\u00fcche und im Speisesaal, wie z.B. <strong data-start=\"1516\" data-end=\"1553\">Schnittwunden, Verbrennungen und Spritzer<\/strong>, und erf\u00fcllt gleichzeitig die <strong data-start=\"1578\" data-end=\"1632\">Hygieneanforderungen des Lebensmittelsektors<\/strong>.<\/p>\n<p data-start=\"1635\" data-end=\"1813\">Eine L\u00f6sung f\u00fcr die Gastronomie und Hotellerie, die eine <strong data-start=\"1732\" data-end=\"1812\">schnelle Reaktion auf Vorf\u00e4lle unter Einhaltung der Hygienevorschriften<\/strong> erm\u00f6glicht.<\/p>\n","protected":false},"excerpt":{"rendered":"<p>Dieses Set ist f\u00fcr den Einsatz in <strong data-start=\"1856\" data-end=\"1919\">Restaurants und Gro\u00dfk\u00fcchen<\/strong> geeignet und erm\u00f6glicht eine schnelle Versorgung von Schnittwunden, Verbrennungen und h\u00e4ufigen Zwischenf\u00e4llen.<\/p>\n<p>Verf\u00fcgbare Formate<\/p>\n<ul>\n<li>Unternehmen S (1-10 Personen)<\/li>\n<li>Unternehmen M (10-25 Personen)<\/li>\n<li>Unternehmen L (25+ Personen)<\/li>\n<\/ul>\n","protected":false},"featured_media":3996,"comment_status":"closed","ping_status":"closed","template":"","meta":{"_acf_changed":false},"product_brand":[],"product_cat":[106],"product_tag":[],"class_list":{"0":"post-3994","1":"product","2":"type-product","3":"status-publish","4":"has-post-thumbnail","6":"product_cat-erste-hilfe-kasten","8":"first","9":"instock","10":"shipping-taxable","11":"purchasable","12":"product-type-variable"},"acf":[],"_links":{"self":[{"href":"https:\/\/chris-medical-services.ch\/de\/wp-json\/wp\/v2\/product\/3994","targetHints":{"allow":["GET"]}}],"collection":[{"href":"https:\/\/chris-medical-services.ch\/de\/wp-json\/wp\/v2\/product"}],"about":[{"href":"https:\/\/chris-medical-services.ch\/de\/wp-json\/wp\/v2\/types\/product"}],"replies":[{"embeddable":true,"href":"https:\/\/chris-medical-services.ch\/de\/wp-json\/wp\/v2\/comments?post=3994"}],"wp:featuredmedia":[{"embeddable":true,"href":"https:\/\/chris-medical-services.ch\/de\/wp-json\/wp\/v2\/media\/3996"}],"wp:attachment":[{"href":"https:\/\/chris-medical-services.ch\/de\/wp-json\/wp\/v2\/media?parent=3994"}],"wp:term":[{"taxonomy":"product_brand","embeddable":true,"href":"https:\/\/chris-medical-services.ch\/de\/wp-json\/wp\/v2\/product_brand?post=3994"},{"taxonomy":"product_cat","embeddable":true,"href":"https:\/\/chris-medical-services.ch\/de\/wp-json\/wp\/v2\/product_cat?post=3994"},{"taxonomy":"product_tag","embeddable":true,"href":"https:\/\/chris-medical-services.ch\/de\/wp-json\/wp\/v2\/product_tag?post=3994"}],"curies":[{"name":"wp","href":"https:\/\/api.w.org\/{rel}","templated":true}]}}