{"id":4025,"date":"2026-02-11T10:13:31","date_gmt":"2026-02-11T10:13:31","guid":{"rendered":"https:\/\/chris-medical-services.ch\/produit\/erste-hilfe-kasten-modul-baustelle-2\/"},"modified":"2026-02-11T10:13:31","modified_gmt":"2026-02-11T10:13:31","slug":"erste-hilfe-kasten-modul-baustelle-2","status":"publish","type":"product","link":"https:\/\/chris-medical-services.ch\/de\/produit\/erste-hilfe-kasten-modul-baustelle-2\/","title":{"rendered":"Erste-Hilfe-Kasten - Modul Baustelle"},"content":{"rendered":"<p><strong>Nachschub f\u00fcr Baustellen und risikoreiche Arbeitsumgebungen.<\/strong><\/p>\n<p>Dieses Nachf\u00fcllpaket wurde f\u00fcr Baustellen, Werkst\u00e4tten, Industrie und das Baugewerbe entwickelt und erm\u00f6glicht es, die wichtigsten Verbrauchsmaterialien f\u00fcr Erste-Hilfe-K\u00e4sten in risikoreichen Arbeitsumgebungen zu erneuern. Es ist f\u00fcr Konfigurationen gedacht, die aus einem <strong data-start=\"528\" data-end=\"601\">Standard-Verbandskasten<\/strong> bestehen, der <strong data-start=\"528\" data-end=\"601\">durch das Modul Baustelle erg\u00e4nzt<\/strong> wird, das speziell f\u00fcr die Anforderungen vor Ort entwickelt wurde. <\/p>\n<p>Es enth\u00e4lt die notwendigen Elemente, um h\u00e4ufige Vorf\u00e4lle auf Baustellen wie <strong data-start=\"769\" data-end=\"829\">Schnitte, Spritzer, Augenreizungen oder Verbrennungen<\/strong> zu bew\u00e4ltigen und gleichzeitig eine <strong data-start=\"854\" data-end=\"957\">schnelle Behandlung von Verletzungen zu<\/strong> erm\u00f6glichen, die <strong data-start=\"854\" data-end=\"957\">mit manuellen T\u00e4tigkeiten und technischen Umgebungen verbunden sind<\/strong>.<\/p>\n<p>Dieser Nachschub gew\u00e4hrleistet die st\u00e4ndige Verf\u00fcgbarkeit von Produkten, die f\u00fcr eine effektive Intervention und die Aufrechterhaltung eines <strong data-start=\"1078\" data-end=\"1131\">optimalen Sicherheitsniveaus am<\/strong> Arbeitsplatz unerl\u00e4sslich sind.<\/p>\n<p>Eine praktische L\u00f6sung, um Ihren Erste-Hilfe-Kasten einsatzbereit zu halten und den <strong data-start=\"1225\" data-end=\"1283\">Schutz von Mitarbeitern und Einsatzkr\u00e4ften vor Ort<\/strong> zu gew\u00e4hrleisten.<\/p>\n","protected":false},"excerpt":{"rendered":"<p>Nachf\u00fcllpackung f\u00fcr Standard-Verbandsk\u00e4sten, die mit dem <strong data-start=\"902\" data-end=\"921\">Modul Baustelle<\/strong> ausgestattet sind. Erm\u00f6glicht das Auff\u00fcllen von Verbrauchsmaterialien f\u00fcr risikoreiche Arbeitsumgebungen, um schnell <strong data-start=\"1038\" data-end=\"1106\">Schnittwunden, Spritzer, Augenreizungen oder leichte Verbrennungen<\/strong> zu behandeln. <\/p>\n","protected":false},"featured_media":3986,"comment_status":"closed","ping_status":"closed","template":"","meta":{"_acf_changed":false},"product_brand":[],"product_cat":[93],"product_tag":[],"class_list":{"0":"post-4025","1":"product","2":"type-product","3":"status-publish","4":"has-post-thumbnail","6":"product_cat-nachschub","8":"first","9":"instock","10":"shipping-taxable","11":"purchasable","12":"product-type-simple"},"acf":[],"_links":{"self":[{"href":"https:\/\/chris-medical-services.ch\/de\/wp-json\/wp\/v2\/product\/4025","targetHints":{"allow":["GET"]}}],"collection":[{"href":"https:\/\/chris-medical-services.ch\/de\/wp-json\/wp\/v2\/product"}],"about":[{"href":"https:\/\/chris-medical-services.ch\/de\/wp-json\/wp\/v2\/types\/product"}],"replies":[{"embeddable":true,"href":"https:\/\/chris-medical-services.ch\/de\/wp-json\/wp\/v2\/comments?post=4025"}],"wp:featuredmedia":[{"embeddable":true,"href":"https:\/\/chris-medical-services.ch\/de\/wp-json\/wp\/v2\/media\/3986"}],"wp:attachment":[{"href":"https:\/\/chris-medical-services.ch\/de\/wp-json\/wp\/v2\/media?parent=4025"}],"wp:term":[{"taxonomy":"product_brand","embeddable":true,"href":"https:\/\/chris-medical-services.ch\/de\/wp-json\/wp\/v2\/product_brand?post=4025"},{"taxonomy":"product_cat","embeddable":true,"href":"https:\/\/chris-medical-services.ch\/de\/wp-json\/wp\/v2\/product_cat?post=4025"},{"taxonomy":"product_tag","embeddable":true,"href":"https:\/\/chris-medical-services.ch\/de\/wp-json\/wp\/v2\/product_tag?post=4025"}],"curies":[{"name":"wp","href":"https:\/\/api.w.org\/{rel}","templated":true}]}}