{"id":4044,"date":"2025-12-15T15:24:46","date_gmt":"2025-12-15T15:24:46","guid":{"rendered":"https:\/\/chris-medical-services.ch\/produit\/nachschub-erste-hilfe-kasten-s\/"},"modified":"2025-12-15T15:24:46","modified_gmt":"2025-12-15T15:24:46","slug":"nachschub-erste-hilfe-kasten-s","status":"publish","type":"product","link":"https:\/\/chris-medical-services.ch\/de\/produit\/nachschub-erste-hilfe-kasten-s\/","title":{"rendered":"Nachschub - Erste-Hilfe-Kasten (S)"},"content":{"rendered":"<p style=\"text-align: left;\"><strong data-start=\"127\" data-end=\"190\">Nachf\u00fcllpackung f\u00fcr Erste-Hilfe-K\u00e4sten Standard S.<\/strong><\/p>\n<p style=\"text-align: left;\">Dieses Nachf\u00fcllset wurde entwickelt, um die wichtigsten Verbrauchsmaterialien Ihres Erste-Hilfe-Kastens zu erneuern und Ihre Ausr\u00fcstung f\u00fcr den t\u00e4glichen Gebrauch einsatzbereit zu halten. Sie gilt f\u00fcr Konfigurationen, die auf dem <strong data-start=\"420\" data-end=\"460\">Standard-Verbandskasten<\/strong> basieren, der in Unternehmen und Organisationen verwendet wird, um den Bedarf an Erster Hilfe am Arbeitsplatz zu decken. <\/p>\n<p style=\"text-align: left;\">Das bedeutet, dass das Material, das f\u00fcr die <strong data-start=\"762\" data-end=\"812\">schnelle Behandlung von h\u00e4ufigen Verletzungen<\/strong> wie <strong data-start=\"825\" data-end=\"897\">Schnitten, Kratzern, Irritationen oder kleinen Zwischenf\u00e4llen im Alltag<\/strong> ben\u00f6tigt wird, st\u00e4ndig verf\u00fcgbar ist.<\/p>\n<p style=\"text-align: left;\">Eine einfache und praktische L\u00f6sung, um die <strong data-start=\"948\" data-end=\"1002\">Konformit\u00e4t Ihres Verbandskastens<\/strong> zu gew\u00e4hrleisten und die Sicherheit der Mitarbeiter in Ihrer Organisation zu garantieren.<\/p>\n","protected":false},"excerpt":{"rendered":"<p>Nachf\u00fcllpackung f\u00fcr den Erste-Hilfe-Kasten Standard S. Sie erm\u00f6glicht es, die wichtigsten Verbrauchsmaterialien zu erneuern, um sicherzustellen, dass der Kasten immer vollst\u00e4ndig, einsatzbereit und geeignet f\u00fcr die Behandlung der \u00fcblichen Vorf\u00e4lle in Unternehmen ist.<\/p>\n","protected":false},"featured_media":4051,"comment_status":"closed","ping_status":"closed","template":"","meta":{"_acf_changed":false},"product_brand":[],"product_cat":[93],"product_tag":[],"class_list":{"0":"post-4044","1":"product","2":"type-product","3":"status-publish","4":"has-post-thumbnail","6":"product_cat-nachschub","8":"first","9":"instock","10":"shipping-taxable","11":"purchasable","12":"product-type-simple"},"acf":[],"_links":{"self":[{"href":"https:\/\/chris-medical-services.ch\/de\/wp-json\/wp\/v2\/product\/4044","targetHints":{"allow":["GET"]}}],"collection":[{"href":"https:\/\/chris-medical-services.ch\/de\/wp-json\/wp\/v2\/product"}],"about":[{"href":"https:\/\/chris-medical-services.ch\/de\/wp-json\/wp\/v2\/types\/product"}],"replies":[{"embeddable":true,"href":"https:\/\/chris-medical-services.ch\/de\/wp-json\/wp\/v2\/comments?post=4044"}],"wp:featuredmedia":[{"embeddable":true,"href":"https:\/\/chris-medical-services.ch\/de\/wp-json\/wp\/v2\/media\/4051"}],"wp:attachment":[{"href":"https:\/\/chris-medical-services.ch\/de\/wp-json\/wp\/v2\/media?parent=4044"}],"wp:term":[{"taxonomy":"product_brand","embeddable":true,"href":"https:\/\/chris-medical-services.ch\/de\/wp-json\/wp\/v2\/product_brand?post=4044"},{"taxonomy":"product_cat","embeddable":true,"href":"https:\/\/chris-medical-services.ch\/de\/wp-json\/wp\/v2\/product_cat?post=4044"},{"taxonomy":"product_tag","embeddable":true,"href":"https:\/\/chris-medical-services.ch\/de\/wp-json\/wp\/v2\/product_tag?post=4044"}],"curies":[{"name":"wp","href":"https:\/\/api.w.org\/{rel}","templated":true}]}}