{"id":4107,"date":"2026-01-26T17:07:13","date_gmt":"2026-01-26T17:07:13","guid":{"rendered":"https:\/\/chris-medical-services.ch\/produit\/aed-richtungspfeil-auf-tafel\/"},"modified":"2026-01-26T17:07:13","modified_gmt":"2026-01-26T17:07:13","slug":"aed-richtungspfeil-auf-tafel","status":"publish","type":"product","link":"https:\/\/chris-medical-services.ch\/de\/produit\/aed-richtungspfeil-auf-tafel\/","title":{"rendered":"AED Richtungspfeil auf Tafel"},"content":{"rendered":"<p><span data-contrast=\"auto\">Der AED-Richtungspfeil auf einem Schild erm\u00f6glicht eine effektive F\u00fchrung zu einem automatisierten externen Defibrillator (AED) in gewerblichen Geb\u00e4uden und \u00f6ffentlichen Einrichtungen.<\/span><span data-ccp-props=\"{}\"> <\/span><\/p>\n<p><span data-contrast=\"auto\">Mit seinem standardisierten gr\u00fcn-wei\u00dfen Design ist dieses Schild sofort erkennbar. Die reflektierende Oberfl\u00e4che sorgt f\u00fcr eine ausgezeichnete Sichtbarkeit, auch bei schlechten Lichtverh\u00e4ltnissen. Der Richtungspfeil erleichtert die schnelle Orientierung von Personen in Notsituationen.  <\/span><span data-ccp-props=\"{}\"> <\/span><\/p>\n<p><span data-contrast=\"auto\">Das Schild ist aus Aluminium gefertigt und ist robust und langlebig. Sein kompaktes Format von 20 \u00d7 10 cm erm\u00f6glicht eine einfache Anbringung an W\u00e4nden oder Fluren als Erg\u00e4nzung zur Hauptbeschilderung des AED. Es ist ein wichtiges Element zur Verbesserung der Zug\u00e4nglichkeit und Sichtbarkeit von Defibrillatoren in Unternehmen, \u00f6ffentlichen Einrichtungen und Orten mit Publikumsverkehr.  <\/span><span data-ccp-props=\"{}\"> <\/span><\/p>\n","protected":false},"excerpt":{"rendered":"<p><span class=\"NormalTextRun SCXW170313464 BCX0\">Panel<\/span><span class=\"NormalTextRun SCXW170313464 BCX0\">  Reflektierendes gr\u00fcn\/wei\u00dfes Schild mit Richtungspfeil, der zu einem Defibrillator f\u00fchrt. Aus Aluminium, Format 20 \u00d7 10 cm, ideal f\u00fcr eine klare und schnelle Beschilderung. <\/span><\/p>\n","protected":false},"featured_media":4110,"comment_status":"closed","ping_status":"closed","template":"","meta":{"_acf_changed":false},"product_brand":[],"product_cat":[97],"product_tag":[],"class_list":{"0":"post-4107","1":"product","2":"type-product","3":"status-publish","4":"has-post-thumbnail","6":"product_cat-derivate","8":"first","9":"instock","10":"shipping-taxable","11":"product-type-simple"},"acf":[],"_links":{"self":[{"href":"https:\/\/chris-medical-services.ch\/de\/wp-json\/wp\/v2\/product\/4107","targetHints":{"allow":["GET"]}}],"collection":[{"href":"https:\/\/chris-medical-services.ch\/de\/wp-json\/wp\/v2\/product"}],"about":[{"href":"https:\/\/chris-medical-services.ch\/de\/wp-json\/wp\/v2\/types\/product"}],"replies":[{"embeddable":true,"href":"https:\/\/chris-medical-services.ch\/de\/wp-json\/wp\/v2\/comments?post=4107"}],"wp:featuredmedia":[{"embeddable":true,"href":"https:\/\/chris-medical-services.ch\/de\/wp-json\/wp\/v2\/media\/4110"}],"wp:attachment":[{"href":"https:\/\/chris-medical-services.ch\/de\/wp-json\/wp\/v2\/media?parent=4107"}],"wp:term":[{"taxonomy":"product_brand","embeddable":true,"href":"https:\/\/chris-medical-services.ch\/de\/wp-json\/wp\/v2\/product_brand?post=4107"},{"taxonomy":"product_cat","embeddable":true,"href":"https:\/\/chris-medical-services.ch\/de\/wp-json\/wp\/v2\/product_cat?post=4107"},{"taxonomy":"product_tag","embeddable":true,"href":"https:\/\/chris-medical-services.ch\/de\/wp-json\/wp\/v2\/product_tag?post=4107"}],"curies":[{"name":"wp","href":"https:\/\/api.w.org\/{rel}","templated":true}]}}