{"id":4190,"date":"2025-02-11T09:22:40","date_gmt":"2025-02-11T09:22:40","guid":{"rendered":"https:\/\/chris-medical-services.ch\/produit\/erste-hilfe-kasten-standard\/"},"modified":"2025-02-11T09:22:40","modified_gmt":"2025-02-11T09:22:40","slug":"erste-hilfe-kasten-standard","status":"publish","type":"product","link":"https:\/\/chris-medical-services.ch\/de\/produit\/erste-hilfe-kasten-standard\/","title":{"rendered":"Erste-Hilfe-Kasten - Standard"},"content":{"rendered":"<p><span class=\"TextRun SCXW78912897 BCX0\" lang=\"FR-CH\" data-contrast=\"auto\" xml:lang=\"FR-CH\"><span class=\"NormalTextRun SCXW78912897 BCX0\">Unsere Erste-Hilfe-K\u00e4sten sind so konzipiert, dass sie den tats\u00e4chlichen Bed\u00fcrfnissen von Unternehmen und Organisationen entsprechen, mit einem einfachen und modularen Ansatz.<\/span><\/span><span class=\"LineBreakBlob BlobObject DragDrop SCXW78912897 BCX0\"><span class=\"SCXW78912897 BCX0\"> <\/span><br class=\"SCXW78912897 BCX0\"><\/span><span class=\"TextRun SCXW78912897 BCX0\" lang=\"FR-CH\" data-contrast=\"auto\" xml:lang=\"FR-CH\"><span class=\"NormalTextRun SCXW78912897 BCX0\">Sie basieren auf einem Standardkoffer, der mit einer spezifischen Gesch\u00e4ftsoption f\u00fcr Ihre Aktivit\u00e4t erg\u00e4nzt werden kann und ab der Gr\u00f6\u00dfe M einen Defibrillator enth\u00e4lt.<\/span><\/span><span class=\"LineBreakBlob BlobObject DragDrop SCXW78912897 BCX0\"><span class=\"SCXW78912897 BCX0\"> <\/span><br class=\"SCXW78912897 BCX0\"><\/span><span class=\"TextRun SCXW78912897 BCX0\" lang=\"FR-CH\" data-contrast=\"auto\" xml:lang=\"FR-CH\"><span class=\"NormalTextRun SCXW78912897 BCX0\">Die Wahl der Gr\u00f6\u00dfe h\u00e4ngt dann von der Anzahl der Personen ab, die sich vor Ort befinden.<\/span><\/span><span class=\"EOP SCXW78912897 BCX0\" data-ccp-props=\"{}\"> <\/span><\/p>\n","protected":false},"excerpt":{"rendered":"<p><span class=\"TextRun SCXW161750693 BCX0\" lang=\"FR-CH\" data-contrast=\"auto\" xml:lang=\"FR-CH\"><span class=\"NormalTextRun SCXW161750693 BCX0\">Ein konformes, gebrauchsfertiges, professionelles Set, das <strong>auf die allgemeinen Bed\u00fcrfnisse von Unternehmen und Organisationen zugeschnitten<\/strong>ist.<\/span><\/span><span class=\"EOP SCXW161750693 BCX0\" data-ccp-props=\"{}\"> <\/span><\/p>\n<ul>\n<li>Unternehmen S (1-10 Personen)<\/li>\n<li>Unternehmen M (10-25 Personen)<\/li>\n<li>Unternehmen L (25+ Personen)<\/li>\n<\/ul>\n","protected":false},"featured_media":4051,"comment_status":"closed","ping_status":"closed","template":"","meta":{"_acf_changed":false},"product_brand":[],"product_cat":[106],"product_tag":[],"class_list":{"0":"post-4190","1":"product","2":"type-product","3":"status-publish","4":"has-post-thumbnail","6":"product_cat-erste-hilfe-kasten","8":"first","9":"instock","10":"shipping-taxable","11":"purchasable","12":"product-type-variable"},"acf":[],"_links":{"self":[{"href":"https:\/\/chris-medical-services.ch\/de\/wp-json\/wp\/v2\/product\/4190","targetHints":{"allow":["GET"]}}],"collection":[{"href":"https:\/\/chris-medical-services.ch\/de\/wp-json\/wp\/v2\/product"}],"about":[{"href":"https:\/\/chris-medical-services.ch\/de\/wp-json\/wp\/v2\/types\/product"}],"replies":[{"embeddable":true,"href":"https:\/\/chris-medical-services.ch\/de\/wp-json\/wp\/v2\/comments?post=4190"}],"wp:featuredmedia":[{"embeddable":true,"href":"https:\/\/chris-medical-services.ch\/de\/wp-json\/wp\/v2\/media\/4051"}],"wp:attachment":[{"href":"https:\/\/chris-medical-services.ch\/de\/wp-json\/wp\/v2\/media?parent=4190"}],"wp:term":[{"taxonomy":"product_brand","embeddable":true,"href":"https:\/\/chris-medical-services.ch\/de\/wp-json\/wp\/v2\/product_brand?post=4190"},{"taxonomy":"product_cat","embeddable":true,"href":"https:\/\/chris-medical-services.ch\/de\/wp-json\/wp\/v2\/product_cat?post=4190"},{"taxonomy":"product_tag","embeddable":true,"href":"https:\/\/chris-medical-services.ch\/de\/wp-json\/wp\/v2\/product_tag?post=4190"}],"curies":[{"name":"wp","href":"https:\/\/api.w.org\/{rel}","templated":true}]}}