{"id":2366,"date":"2025-06-01T08:27:28","date_gmt":"2025-06-01T08:27:28","guid":{"rendered":"https:\/\/chris-medical-services.ch\/produit\/sgs-patenti-di-guida\/"},"modified":"2026-04-01T07:41:30","modified_gmt":"2026-04-01T07:41:30","slug":"sgs-patenti-di-guida","status":"publish","type":"product","link":"https:\/\/chris-medical-services.ch\/it\/produit\/sgs-patenti-di-guida\/","title":{"rendered":"Primo soccorso per la patente di guida"},"content":{"rendered":"<p>Sei pronto a metterti in viaggio con fiducia?<\/p>\n","protected":false},"excerpt":{"rendered":"<h4>Prima della libert\u00e0, c&#8217;\u00e8 la responsabilit\u00e0<\/h4>\n<p>Questo corso ti fornir\u00e0 gli elementi essenziali per diventare un guidatore responsabile e sapere come reagire in una situazione di emergenza.<\/p>\n<ul>\n<li><strong>Formazione obbligatoria<\/strong> per ottenere la patente di guida in Svizzera<\/li>\n<li>Impara a reagire correttamente in caso di incidente stradale e a proteggere le vittime prima che arrivino i soccorsi.<\/li>\n<li><strong>Formazione pratica<\/strong> con esercitazioni e simulazioni<\/li>\n<li>Supervisione da parte di <strong>professionisti sanitari e studenti di medicina<\/strong><\/li>\n<li><strong>Accessibile a tutti, senza prerequisiti<\/strong><\/li>\n<\/ul>\n","protected":false},"featured_media":2368,"comment_status":"open","ping_status":"closed","template":"","meta":{"_acf_changed":false},"product_brand":[],"product_cat":[83],"product_tag":[],"class_list":{"0":"post-2366","1":"product","2":"type-product","3":"status-publish","4":"has-post-thumbnail","6":"product_cat-formazione","8":"first","9":"instock","10":"sale","11":"virtual","12":"purchasable","13":"product-type-simple"},"acf":[],"_links":{"self":[{"href":"https:\/\/chris-medical-services.ch\/it\/wp-json\/wp\/v2\/product\/2366","targetHints":{"allow":["GET"]}}],"collection":[{"href":"https:\/\/chris-medical-services.ch\/it\/wp-json\/wp\/v2\/product"}],"about":[{"href":"https:\/\/chris-medical-services.ch\/it\/wp-json\/wp\/v2\/types\/product"}],"replies":[{"embeddable":true,"href":"https:\/\/chris-medical-services.ch\/it\/wp-json\/wp\/v2\/comments?post=2366"}],"wp:featuredmedia":[{"embeddable":true,"href":"https:\/\/chris-medical-services.ch\/it\/wp-json\/wp\/v2\/media\/2368"}],"wp:attachment":[{"href":"https:\/\/chris-medical-services.ch\/it\/wp-json\/wp\/v2\/media?parent=2366"}],"wp:term":[{"taxonomy":"product_brand","embeddable":true,"href":"https:\/\/chris-medical-services.ch\/it\/wp-json\/wp\/v2\/product_brand?post=2366"},{"taxonomy":"product_cat","embeddable":true,"href":"https:\/\/chris-medical-services.ch\/it\/wp-json\/wp\/v2\/product_cat?post=2366"},{"taxonomy":"product_tag","embeddable":true,"href":"https:\/\/chris-medical-services.ch\/it\/wp-json\/wp\/v2\/product_tag?post=2366"}],"curies":[{"name":"wp","href":"https:\/\/api.w.org\/{rel}","templated":true}]}}