{"id":2639,"date":"2025-11-03T15:37:50","date_gmt":"2025-11-03T15:37:50","guid":{"rendered":"https:\/\/chris-medical-services.ch\/produit\/zoll-aed-3\/"},"modified":"2026-03-24T16:59:20","modified_gmt":"2026-03-24T16:59:20","slug":"zoll-aed-3","status":"publish","type":"product","link":"https:\/\/chris-medical-services.ch\/it\/produit\/zoll-aed-3\/","title":{"rendered":"ZOLL AED 3"},"content":{"rendered":"<p><span data-contrast=\"auto\">Lo ZOLL AED 3 \u00e8 un defibrillatore automatico esterno di ultima generazione progettato per dare ai soccorritori, professionisti e non, gli strumenti necessari per intervenire efficacemente in caso di arresto cardiaco improvviso.<\/span><span data-ccp-props=\"{}\"> <\/span><\/p>\n<p><span data-contrast=\"auto\">Grazie alla comprovata tecnologia Real CPR Help\u00ae, lo ZOLL AED 3 fornisce un feedback in tempo reale sulla frequenza e la profondit\u00e0 delle compressioni toraciche. Le chiare istruzioni audio, unite a un display a colori intuitivo e realistico, guidano l&#8217;utente a eseguire la RCP secondo le pi\u00f9 recenti raccomandazioni internazionali. <\/span><span data-ccp-props=\"{}\"> <\/span><\/p>\n<p><span data-contrast=\"auto\">L&#8217;analisi del ritmo cardiaco RapidShock\u2122, la pi\u00f9 veloce sul mercato, consente di erogare uno shock in pochi secondi, se necessario, riducendo le interruzioni della RCP. Questa velocit\u00e0 migliora significativamente la qualit\u00e0 dell&#8217;assistenza e aumenta le possibilit\u00e0 di sopravvivenza della vittima. <\/span><span data-ccp-props=\"{}\"> <\/span><\/p>\n<p><span data-contrast=\"auto\">ZOLL AED 3 incorpora la rianimazione pediatrica senza dover cambiare gli elettrodi, grazie agli elettrodi universali CPR Uni-padz\u00ae. Un solo pulsante attiva la modalit\u00e0 bambino, offrendo una soluzione unica e sicura per le vittime adulte e pediatriche. <\/span><span data-ccp-props=\"{}\"> <\/span><\/p>\n<p><span data-contrast=\"auto\">Progettato per essere sempre pronto all&#8217;uso, ZOLL AED 3 \u00e8 dotato di materiali di consumo a lunga durata (batteria ed elettrodi per un massimo di 5 anni), riducendo i requisiti di manutenzione. La connettivit\u00e0 Wi-Fi opzionale consente il monitoraggio remoto dello stato del dispositivo, con trasmissione automatica dei dati alla piattaforma di gestione PlusTrac\u2122, garantendo la conformit\u00e0 alle normative e la disponibilit\u00e0 continua del DAE. <\/span><span data-ccp-props=\"{}\"> <\/span><\/p>\n<p><span data-contrast=\"auto\">Robusto, intuitivo e performante, lo ZOLL AED 3 \u00e8 ideale per spazi pubblici, aziende, servizi di emergenza, strutture sanitarie e comunit\u00e0, offrendo sicurezza, velocit\u00e0 ed efficienza quando ogni secondo \u00e8 importante.<\/span><span data-ccp-props=\"{}\"> <\/span><\/p>\n","protected":false},"excerpt":{"rendered":"<p><strong>Defibrillatore esterno automatico di nuova generazione con Real CPR Help\u00ae e connettivit\u00e0 Wi-Fi  <\/strong><\/p>\n<p><span data-contrast=\"auto\">Lo ZOLL AED 3 \u00e8 un innovativo defibrillatore automatico esterno progettato per guidare i soccorritori in ogni fase della rianimazione. Grazie alla tecnologia Real CPR Help\u00ae, all&#8217;analisi ultraveloce RapidShock\u2122 e alla gestione pediatrica integrata, garantisce una RCP di alta qualit\u00e0 e una disponibilit\u00e0 ottimale in ogni circostanza. <\/span><span data-ccp-props=\"{}\"> <\/span><\/p>\n","protected":false},"featured_media":3525,"comment_status":"closed","ping_status":"closed","template":"","meta":{"_acf_changed":false},"product_brand":[],"product_cat":[80],"product_tag":[],"class_list":{"0":"post-2639","1":"product","2":"type-product","3":"status-publish","4":"has-post-thumbnail","6":"product_cat-defibrillatori","8":"first","9":"instock","10":"shipping-taxable","11":"product-type-simple"},"acf":[],"_links":{"self":[{"href":"https:\/\/chris-medical-services.ch\/it\/wp-json\/wp\/v2\/product\/2639","targetHints":{"allow":["GET"]}}],"collection":[{"href":"https:\/\/chris-medical-services.ch\/it\/wp-json\/wp\/v2\/product"}],"about":[{"href":"https:\/\/chris-medical-services.ch\/it\/wp-json\/wp\/v2\/types\/product"}],"replies":[{"embeddable":true,"href":"https:\/\/chris-medical-services.ch\/it\/wp-json\/wp\/v2\/comments?post=2639"}],"wp:featuredmedia":[{"embeddable":true,"href":"https:\/\/chris-medical-services.ch\/it\/wp-json\/wp\/v2\/media\/3525"}],"wp:attachment":[{"href":"https:\/\/chris-medical-services.ch\/it\/wp-json\/wp\/v2\/media?parent=2639"}],"wp:term":[{"taxonomy":"product_brand","embeddable":true,"href":"https:\/\/chris-medical-services.ch\/it\/wp-json\/wp\/v2\/product_brand?post=2639"},{"taxonomy":"product_cat","embeddable":true,"href":"https:\/\/chris-medical-services.ch\/it\/wp-json\/wp\/v2\/product_cat?post=2639"},{"taxonomy":"product_tag","embeddable":true,"href":"https:\/\/chris-medical-services.ch\/it\/wp-json\/wp\/v2\/product_tag?post=2639"}],"curies":[{"name":"wp","href":"https:\/\/api.w.org\/{rel}","templated":true}]}}