{"id":3885,"date":"2026-01-26T17:04:05","date_gmt":"2026-01-26T17:04:05","guid":{"rendered":"https:\/\/chris-medical-services.ch\/produit\/adesivo-di-avvertimento-del-dae\/"},"modified":"2026-01-26T17:04:05","modified_gmt":"2026-01-26T17:04:05","slug":"adesivo-di-avvertimento-del-dae","status":"publish","type":"product","link":"https:\/\/chris-medical-services.ch\/it\/produit\/adesivo-di-avvertimento-del-dae\/","title":{"rendered":"Adesivo di avvertimento del DAE"},"content":{"rendered":"<p style=\"text-align: left;\"><span data-contrast=\"auto\">L&#8217;adesivo segnaletico DAE \u00e8 una soluzione semplice ed efficace per indicare la presenza di un defibrillatore automatico esterno (DAE) negli esercizi commerciali e nei luoghi aperti al pubblico.<\/span><span data-ccp-props=\"{}\"> <\/span><\/p>\n<p style=\"text-align: left;\"><span data-contrast=\"auto\">Presenta il logo standardizzato AED verde e bianco, immediatamente riconoscibile, con una finitura riflettente per un&#8217;eccellente visibilit\u00e0, anche in condizioni di scarsa illuminazione. Il formato di 20 \u00d7 20 cm lo rende facilmente leggibile anche a distanza. <\/span><span data-ccp-props=\"{}\"> <\/span><\/p>\n<p style=\"text-align: left;\"><span data-contrast=\"auto\">Facile da applicare grazie al suo supporto autoadesivo, pu\u00f2 essere applicato sulla maggior parte delle superfici lisce (porte, pareti, vetrine, armadi). Questo adesivo \u00e8 il complemento ideale per i cartelli e le scatole a muro per migliorare la segnaletica e l&#8217;accessibilit\u00e0 dei defibrillatori negli ambienti professionali e pubblici. <\/span><span data-ccp-props=\"{}\"> <\/span><\/p>\n","protected":false},"excerpt":{"rendered":"<p style=\"text-align: left;\"><span class=\"TextRun SCXW227351662 BCX0\" lang=\"FR-CH\" xml:lang=\"FR-CH\" data-contrast=\"auto\"><span class=\"NormalTextRun SCXW227351662 BCX0\">Adesivo riflettente verde\/bianco con logo <span data-contrast=\"auto\">AED <\/span>standardizzato per indicare chiaramente la posizione di un defibrillatore. Dimensioni 20 \u00d7 20 cm, veloce da applicare sulle superfici lisce. <\/span><\/span><\/p>\n","protected":false},"featured_media":3890,"comment_status":"closed","ping_status":"closed","template":"","meta":{"_acf_changed":false},"product_brand":[],"product_cat":[96],"product_tag":[],"class_list":{"0":"post-3885","1":"product","2":"type-product","3":"status-publish","4":"has-post-thumbnail","6":"product_cat-prodotti-derivati","8":"first","9":"instock","10":"shipping-taxable","11":"product-type-simple"},"acf":[],"_links":{"self":[{"href":"https:\/\/chris-medical-services.ch\/it\/wp-json\/wp\/v2\/product\/3885","targetHints":{"allow":["GET"]}}],"collection":[{"href":"https:\/\/chris-medical-services.ch\/it\/wp-json\/wp\/v2\/product"}],"about":[{"href":"https:\/\/chris-medical-services.ch\/it\/wp-json\/wp\/v2\/types\/product"}],"replies":[{"embeddable":true,"href":"https:\/\/chris-medical-services.ch\/it\/wp-json\/wp\/v2\/comments?post=3885"}],"wp:featuredmedia":[{"embeddable":true,"href":"https:\/\/chris-medical-services.ch\/it\/wp-json\/wp\/v2\/media\/3890"}],"wp:attachment":[{"href":"https:\/\/chris-medical-services.ch\/it\/wp-json\/wp\/v2\/media?parent=3885"}],"wp:term":[{"taxonomy":"product_brand","embeddable":true,"href":"https:\/\/chris-medical-services.ch\/it\/wp-json\/wp\/v2\/product_brand?post=3885"},{"taxonomy":"product_cat","embeddable":true,"href":"https:\/\/chris-medical-services.ch\/it\/wp-json\/wp\/v2\/product_cat?post=3885"},{"taxonomy":"product_tag","embeddable":true,"href":"https:\/\/chris-medical-services.ch\/it\/wp-json\/wp\/v2\/product_tag?post=3885"}],"curies":[{"name":"wp","href":"https:\/\/api.w.org\/{rel}","templated":true}]}}