{"id":4097,"date":"2026-01-26T17:07:13","date_gmt":"2026-01-26T17:07:13","guid":{"rendered":"https:\/\/chris-medical-services.ch\/produit\/freccia-direzionale-del-dae-sul-pannello\/"},"modified":"2026-01-26T17:07:13","modified_gmt":"2026-01-26T17:07:13","slug":"freccia-direzionale-del-dae-sul-pannello","status":"publish","type":"product","link":"https:\/\/chris-medical-services.ch\/it\/produit\/freccia-direzionale-del-dae-sul-pannello\/","title":{"rendered":"Freccia direzionale del DAE sul pannello"},"content":{"rendered":"<p><span data-contrast=\"auto\">La freccia direzionale del DAE su un pannello fornisce una guida efficace verso un defibrillatore automatico esterno (DAE) in edifici professionali e luoghi aperti al pubblico.<\/span><span data-ccp-props=\"{}\"> <\/span><\/p>\n<p><span data-contrast=\"auto\">Con il suo design standard verde e bianco, questo cartello \u00e8 immediatamente riconoscibile. La sua superficie riflettente garantisce un&#8217;ottima visibilit\u00e0, anche in condizioni di scarsa illuminazione. La freccia direzionale facilita l&#8217;orientamento in caso di emergenza.  <\/span><span data-ccp-props=\"{}\"> <\/span><\/p>\n<p><span data-contrast=\"auto\">Realizzato in alluminio, questo cartello \u00e8 robusto e durevole. Il suo formato compatto di 20 \u00d7 10 cm lo rende facile da installare su pareti o corridoi, in aggiunta alla segnaletica principale del DAE. \u00c8 un elemento essenziale per migliorare l&#8217;accessibilit\u00e0 e la visibilit\u00e0 dei defibrillatori nelle aziende, negli esercizi pubblici e nei luoghi aperti al pubblico.  <\/span><span data-ccp-props=\"{}\"> <\/span><\/p>\n","protected":false},"excerpt":{"rendered":"<p><span class=\"NormalTextRun SCXW170313464 BCX0\">Pannello<\/span><span class=\"NormalTextRun SCXW170313464 BCX0\">  Cartello riflettente verde\/bianco con freccia direzionale per indicare un defibrillatore. Realizzato in alluminio, misura 20 \u00d7 10 cm, ideale per una segnaletica chiara e veloce. <\/span><\/p>\n","protected":false},"featured_media":4105,"comment_status":"closed","ping_status":"closed","template":"","meta":{"_acf_changed":false},"product_brand":[],"product_cat":[96],"product_tag":[],"class_list":{"0":"post-4097","1":"product","2":"type-product","3":"status-publish","4":"has-post-thumbnail","6":"product_cat-prodotti-derivati","8":"first","9":"instock","10":"shipping-taxable","11":"product-type-simple"},"acf":[],"_links":{"self":[{"href":"https:\/\/chris-medical-services.ch\/it\/wp-json\/wp\/v2\/product\/4097","targetHints":{"allow":["GET"]}}],"collection":[{"href":"https:\/\/chris-medical-services.ch\/it\/wp-json\/wp\/v2\/product"}],"about":[{"href":"https:\/\/chris-medical-services.ch\/it\/wp-json\/wp\/v2\/types\/product"}],"replies":[{"embeddable":true,"href":"https:\/\/chris-medical-services.ch\/it\/wp-json\/wp\/v2\/comments?post=4097"}],"wp:featuredmedia":[{"embeddable":true,"href":"https:\/\/chris-medical-services.ch\/it\/wp-json\/wp\/v2\/media\/4105"}],"wp:attachment":[{"href":"https:\/\/chris-medical-services.ch\/it\/wp-json\/wp\/v2\/media?parent=4097"}],"wp:term":[{"taxonomy":"product_brand","embeddable":true,"href":"https:\/\/chris-medical-services.ch\/it\/wp-json\/wp\/v2\/product_brand?post=4097"},{"taxonomy":"product_cat","embeddable":true,"href":"https:\/\/chris-medical-services.ch\/it\/wp-json\/wp\/v2\/product_cat?post=4097"},{"taxonomy":"product_tag","embeddable":true,"href":"https:\/\/chris-medical-services.ch\/it\/wp-json\/wp\/v2\/product_tag?post=4097"}],"curies":[{"name":"wp","href":"https:\/\/api.w.org\/{rel}","templated":true}]}}